{"id":1371,"date":"2021-09-04T04:15:50","date_gmt":"2021-09-04T02:15:50","guid":{"rendered":"https:\/\/www.effiscience.paris\/?page_id=1371"},"modified":"2024-12-27T12:53:31","modified_gmt":"2024-12-27T11:53:31","slug":"carte-cadeau-effiscience-paris","status":"publish","type":"page","link":"https:\/\/www.effiscience.paris\/index.php\/carte-cadeau-effiscience-paris\/","title":{"rendered":"Cartes Cadeaux"},"content":{"rendered":"\t\t<div data-elementor-type=\"wp-page\" data-elementor-id=\"1371\" class=\"elementor elementor-1371\" data-elementor-post-type=\"page\">\n\t\t\t\t\t\t<section class=\"elementor-section elementor-top-section elementor-element elementor-element-8f5f5d7 elementor-section-boxed elementor-section-height-default elementor-section-height-default\" data-id=\"8f5f5d7\" data-element_type=\"section\" data-e-type=\"section\">\n\t\t\t\t\t\t<div class=\"elementor-container elementor-column-gap-default\">\n\t\t\t\t\t<div class=\"elementor-column elementor-col-100 elementor-top-column elementor-element elementor-element-4d468d0\" data-id=\"4d468d0\" data-element_type=\"column\" data-e-type=\"column\">\n\t\t\t<div class=\"elementor-widget-wrap elementor-element-populated\">\n\t\t\t\t\t\t<div class=\"elementor-element elementor-element-269946b elementor-widget elementor-widget-heading\" data-id=\"269946b\" data-element_type=\"widget\" data-e-type=\"widget\" data-widget_type=\"heading.default\">\n\t\t\t\t<div class=\"elementor-widget-container\">\n\t\t\t\t\t<h1 class=\"elementor-heading-title elementor-size-default\">CARTE CADEAU<br>Offrez l'exp\u00e9rience \u00e0 vos proches<\/h1>\t\t\t\t<\/div>\n\t\t\t\t<\/div>\n\t\t\t\t\t<\/div>\n\t\t<\/div>\n\t\t\t\t\t<\/div>\n\t\t<\/section>\n\t\t\t\t<section class=\"elementor-section elementor-top-section elementor-element elementor-element-6c6cf39 elementor-section-boxed elementor-section-height-default elementor-section-height-default\" data-id=\"6c6cf39\" data-element_type=\"section\" data-e-type=\"section\">\n\t\t\t\t\t\t<div class=\"elementor-container elementor-column-gap-default\">\n\t\t\t\t\t<div class=\"elementor-column elementor-col-100 elementor-top-column elementor-element elementor-element-765db3a\" data-id=\"765db3a\" data-element_type=\"column\" data-e-type=\"column\">\n\t\t\t<div class=\"elementor-widget-wrap elementor-element-populated\">\n\t\t\t\t\t\t<div class=\"elementor-element elementor-element-20a14a8 elementor-widget elementor-widget-image\" data-id=\"20a14a8\" data-element_type=\"widget\" data-e-type=\"widget\" data-widget_type=\"image.default\">\n\t\t\t\t<div class=\"elementor-widget-container\">\n\t\t\t\t\t\t\t\t\t\t\t\t\t\t\t<img fetchpriority=\"high\" decoding=\"async\" width=\"930\" height=\"620\" src=\"https:\/\/www.effiscience.paris\/wp-content\/uploads\/2022\/09\/effiscience-paris-5642887-1-1024x683.jpg\" class=\"attachment-large size-large wp-image-4326\" alt=\"carte cadeau\" srcset=\"https:\/\/www.effiscience.paris\/wp-content\/uploads\/2022\/09\/effiscience-paris-5642887-1-1024x683.jpg 1024w, https:\/\/www.effiscience.paris\/wp-content\/uploads\/2022\/09\/effiscience-paris-5642887-1-300x200.jpg 300w, https:\/\/www.effiscience.paris\/wp-content\/uploads\/2022\/09\/effiscience-paris-5642887-1-768x512.jpg 768w, https:\/\/www.effiscience.paris\/wp-content\/uploads\/2022\/09\/effiscience-paris-5642887-1-1536x1024.jpg 1536w, https:\/\/www.effiscience.paris\/wp-content\/uploads\/2022\/09\/effiscience-paris-5642887-1-1000x667.jpg 1000w, https:\/\/www.effiscience.paris\/wp-content\/uploads\/2022\/09\/effiscience-paris-5642887-1-1800x1200.jpg 1800w, https:\/\/www.effiscience.paris\/wp-content\/uploads\/2022\/09\/effiscience-paris-5642887-1-840x560.jpg 840w, https:\/\/www.effiscience.paris\/wp-content\/uploads\/2022\/09\/effiscience-paris-5642887-1-600x400.jpg 600w, https:\/\/www.effiscience.paris\/wp-content\/uploads\/2022\/09\/effiscience-paris-5642887-1.jpg 1905w\" sizes=\"(max-width: 930px) 100vw, 930px\" \/>\t\t\t\t\t\t\t\t\t\t\t\t\t\t\t<\/div>\n\t\t\t\t<\/div>\n\t\t\t\t<div class=\"elementor-element elementor-element-3d82d1b elementor-widget elementor-widget-text-editor\" data-id=\"3d82d1b\" data-element_type=\"widget\" data-e-type=\"widget\" data-widget_type=\"text-editor.default\">\n\t\t\t\t<div class=\"elementor-widget-container\">\n\t\t\t\t\t\t\t\t\t<p style=\"text-align: center;\">Des formules sport, esth\u00e9tique ou bien-\u00eatre qui s&#8217;adaptent \u00e0 toutes les envies et \u00e0 tous les budgets. Vous pouvez acheter votre carte directement sur place ou nous contacter via le formulaire ci-dessous pour une carte sur mesure. Nous vous rappelons pour pr\u00e9ciser votre besoin et vous expliquer nos offres: sport, cryoth\u00e9rapie corps entier, soins, massages, minceur, plusieurs options sont possibles et transformables si n\u00e9cessaire par le destinataire de votre carte cadeau.<\/p>\t\t\t\t\t\t\t\t<\/div>\n\t\t\t\t<\/div>\n\t\t\t\t\t<\/div>\n\t\t<\/div>\n\t\t\t\t\t<\/div>\n\t\t<\/section>\n\t\t\t\t<section class=\"elementor-section elementor-top-section elementor-element elementor-element-3ee7deaf elementor-section-boxed elementor-section-height-default elementor-section-height-default\" data-id=\"3ee7deaf\" data-element_type=\"section\" data-e-type=\"section\">\n\t\t\t\t\t\t<div class=\"elementor-container elementor-column-gap-default\">\n\t\t\t\t\t<div class=\"elementor-column elementor-col-100 elementor-top-column elementor-element elementor-element-15f625c8\" data-id=\"15f625c8\" data-element_type=\"column\" data-e-type=\"column\">\n\t\t\t<div class=\"elementor-widget-wrap elementor-element-populated\">\n\t\t\t\t\t\t<div class=\"elementor-element elementor-element-8e4dab4 elementor-widget elementor-widget-spacer\" data-id=\"8e4dab4\" data-element_type=\"widget\" data-e-type=\"widget\" data-widget_type=\"spacer.default\">\n\t\t\t\t<div class=\"elementor-widget-container\">\n\t\t\t\t\t\t\t<div class=\"elementor-spacer\">\n\t\t\t<div class=\"elementor-spacer-inner\"><\/div>\n\t\t<\/div>\n\t\t\t\t\t\t<\/div>\n\t\t\t\t<\/div>\n\t\t\t\t<section class=\"elementor-section elementor-inner-section elementor-element elementor-element-9a86640 elementor-section-boxed elementor-section-height-default elementor-section-height-default\" data-id=\"9a86640\" data-element_type=\"section\" data-e-type=\"section\">\n\t\t\t\t\t\t<div class=\"elementor-container elementor-column-gap-default\">\n\t\t\t\t\t<div class=\"elementor-column elementor-col-50 elementor-inner-column elementor-element elementor-element-fce33c2\" data-id=\"fce33c2\" data-element_type=\"column\" data-e-type=\"column\">\n\t\t\t<div class=\"elementor-widget-wrap elementor-element-populated\">\n\t\t\t\t\t\t<div class=\"elementor-element elementor-element-11118a96 elementor-view-default elementor-widget elementor-widget-icon\" data-id=\"11118a96\" data-element_type=\"widget\" data-e-type=\"widget\" data-widget_type=\"icon.default\">\n\t\t\t\t<div class=\"elementor-widget-container\">\n\t\t\t\t\t\t\t<div class=\"elementor-icon-wrapper\">\n\t\t\t<div class=\"elementor-icon\">\n\t\t\t<i aria-hidden=\"true\" class=\"far fa-clock\"><\/i>\t\t\t<\/div>\n\t\t<\/div>\n\t\t\t\t\t\t<\/div>\n\t\t\t\t<\/div>\n\t\t\t\t<div class=\"elementor-element elementor-element-35700345 elementor-widget elementor-widget-heading\" data-id=\"35700345\" data-element_type=\"widget\" data-e-type=\"widget\" data-widget_type=\"heading.default\">\n\t\t\t\t<div class=\"elementor-widget-container\">\n\t\t\t\t\t<h3 class=\"elementor-heading-title elementor-size-default\">3 \u00e0 60 minutes<\/h3>\t\t\t\t<\/div>\n\t\t\t\t<\/div>\n\t\t\t\t<div class=\"elementor-element elementor-element-6f4de051 elementor-view-default elementor-widget elementor-widget-icon\" data-id=\"6f4de051\" data-element_type=\"widget\" data-e-type=\"widget\" data-widget_type=\"icon.default\">\n\t\t\t\t<div class=\"elementor-widget-container\">\n\t\t\t\t\t\t\t<div class=\"elementor-icon-wrapper\">\n\t\t\t<div class=\"elementor-icon\">\n\t\t\t<i aria-hidden=\"true\" class=\"fas fa-male\"><\/i>\t\t\t<\/div>\n\t\t<\/div>\n\t\t\t\t\t\t<\/div>\n\t\t\t\t<\/div>\n\t\t\t\t<div class=\"elementor-element elementor-element-2d6ffd6b elementor-widget elementor-widget-heading\" data-id=\"2d6ffd6b\" data-element_type=\"widget\" data-e-type=\"widget\" data-widget_type=\"heading.default\">\n\t\t\t\t<div class=\"elementor-widget-container\">\n\t\t\t\t\t<h3 class=\"elementor-heading-title elementor-size-default\">Pour qui?<\/h3>\t\t\t\t<\/div>\n\t\t\t\t<\/div>\n\t\t\t\t<div class=\"elementor-element elementor-element-2e15bb74 elementor-widget elementor-widget-text-editor\" data-id=\"2e15bb74\" data-element_type=\"widget\" data-e-type=\"widget\" data-widget_type=\"text-editor.default\">\n\t\t\t\t<div class=\"elementor-widget-container\">\n\t\t\t\t\t\t\t\t\t<p>Pour toutes personnes souhaitant offrir une prestation \u00e0 ses proches.<\/p>\t\t\t\t\t\t\t\t<\/div>\n\t\t\t\t<\/div>\n\t\t\t\t<div class=\"elementor-element elementor-element-52aac830 elementor-view-default elementor-widget elementor-widget-icon\" data-id=\"52aac830\" data-element_type=\"widget\" data-e-type=\"widget\" data-widget_type=\"icon.default\">\n\t\t\t\t<div class=\"elementor-widget-container\">\n\t\t\t\t\t\t\t<div class=\"elementor-icon-wrapper\">\n\t\t\t<div class=\"elementor-icon\">\n\t\t\t<i aria-hidden=\"true\" class=\"far fa-money-bill-alt\"><\/i>\t\t\t<\/div>\n\t\t<\/div>\n\t\t\t\t\t\t<\/div>\n\t\t\t\t<\/div>\n\t\t\t\t<div class=\"elementor-element elementor-element-76f0f1bb elementor-widget elementor-widget-heading\" data-id=\"76f0f1bb\" data-element_type=\"widget\" data-e-type=\"widget\" data-widget_type=\"heading.default\">\n\t\t\t\t<div class=\"elementor-widget-container\">\n\t\t\t\t\t<h3 class=\"elementor-heading-title elementor-size-default\">Quel tarif?<\/h3>\t\t\t\t<\/div>\n\t\t\t\t<\/div>\n\t\t\t\t<div class=\"elementor-element elementor-element-3d3bb7dc elementor-widget elementor-widget-text-editor\" data-id=\"3d3bb7dc\" data-element_type=\"widget\" data-e-type=\"widget\" data-widget_type=\"text-editor.default\">\n\t\t\t\t<div class=\"elementor-widget-container\">\n\t\t\t\t\t\t\t\t\t<p>A partir de \u00a0 \u00a0 \u00a0 \u00a0 \u00a0 \u00a0 \u00a0 \u00a0 \u00a0 \u00a0 \u00a0 \u00a0 \u00a0 \u00a0 \u00a0 \u00a0 \u00a0 \u00a0 \u00a0 \u00a0 \u00a0 \u00a0 15\u20ac<\/p>\t\t\t\t\t\t\t\t<\/div>\n\t\t\t\t<\/div>\n\t\t\t\t\t<\/div>\n\t\t<\/div>\n\t\t\t\t<div class=\"elementor-column elementor-col-50 elementor-inner-column elementor-element elementor-element-2ee93c2d\" data-id=\"2ee93c2d\" data-element_type=\"column\" data-e-type=\"column\">\n\t\t\t<div class=\"elementor-widget-wrap elementor-element-populated\">\n\t\t\t\t\t\t<div class=\"elementor-element elementor-element-09d8b87 elementor-widget elementor-widget-image\" data-id=\"09d8b87\" data-element_type=\"widget\" data-e-type=\"widget\" data-widget_type=\"image.default\">\n\t\t\t\t<div class=\"elementor-widget-container\">\n\t\t\t\t\t\t\t\t\t\t\t\t\t\t\t<img decoding=\"async\" width=\"512\" height=\"512\" src=\"https:\/\/www.effiscience.paris\/wp-content\/uploads\/2021\/08\/cropped-logo_blanc.png\" class=\"attachment-large size-large wp-image-27\" alt=\"cate cadeau\" srcset=\"https:\/\/www.effiscience.paris\/wp-content\/uploads\/2021\/08\/cropped-logo_blanc.png 512w, https:\/\/www.effiscience.paris\/wp-content\/uploads\/2021\/08\/cropped-logo_blanc-300x300.png 300w, https:\/\/www.effiscience.paris\/wp-content\/uploads\/2021\/08\/cropped-logo_blanc-150x150.png 150w, https:\/\/www.effiscience.paris\/wp-content\/uploads\/2021\/08\/cropped-logo_blanc-60x60.png 60w, https:\/\/www.effiscience.paris\/wp-content\/uploads\/2021\/08\/cropped-logo_blanc-270x270.png 270w, https:\/\/www.effiscience.paris\/wp-content\/uploads\/2021\/08\/cropped-logo_blanc-192x192.png 192w, https:\/\/www.effiscience.paris\/wp-content\/uploads\/2021\/08\/cropped-logo_blanc-180x180.png 180w, https:\/\/www.effiscience.paris\/wp-content\/uploads\/2021\/08\/cropped-logo_blanc-32x32.png 32w\" sizes=\"(max-width: 512px) 100vw, 512px\" \/>\t\t\t\t\t\t\t\t\t\t\t\t\t\t\t<\/div>\n\t\t\t\t<\/div>\n\t\t\t\t\t<\/div>\n\t\t<\/div>\n\t\t\t\t\t<\/div>\n\t\t<\/section>\n\t\t\t\t<div class=\"elementor-element elementor-element-4d41d63 elementor-widget elementor-widget-spacer\" data-id=\"4d41d63\" data-element_type=\"widget\" data-e-type=\"widget\" data-widget_type=\"spacer.default\">\n\t\t\t\t<div class=\"elementor-widget-container\">\n\t\t\t\t\t\t\t<div class=\"elementor-spacer\">\n\t\t\t<div class=\"elementor-spacer-inner\"><\/div>\n\t\t<\/div>\n\t\t\t\t\t\t<\/div>\n\t\t\t\t<\/div>\n\t\t\t\t\t<\/div>\n\t\t<\/div>\n\t\t\t\t\t<\/div>\n\t\t<\/section>\n\t\t\t\t<section class=\"elementor-section elementor-top-section elementor-element elementor-element-27cbb15d elementor-section-boxed elementor-section-height-default elementor-section-height-default\" data-id=\"27cbb15d\" data-element_type=\"section\" data-e-type=\"section\">\n\t\t\t\t\t\t<div class=\"elementor-container elementor-column-gap-default\">\n\t\t\t\t\t<div class=\"elementor-column elementor-col-100 elementor-top-column elementor-element elementor-element-19d25651\" data-id=\"19d25651\" data-element_type=\"column\" data-e-type=\"column\">\n\t\t\t<div class=\"elementor-widget-wrap elementor-element-populated\">\n\t\t\t\t\t\t<div class=\"elementor-element elementor-element-e8c294b elementor-widget elementor-widget-heading\" data-id=\"e8c294b\" data-element_type=\"widget\" data-e-type=\"widget\" data-widget_type=\"heading.default\">\n\t\t\t\t<div class=\"elementor-widget-container\">\n\t\t\t\t\t<h2 class=\"elementor-heading-title elementor-size-default\">Contactez-nous pour en savoir plus<\/h2>\t\t\t\t<\/div>\n\t\t\t\t<\/div>\n\t\t\t\t\t<\/div>\n\t\t<\/div>\n\t\t\t\t\t<\/div>\n\t\t<\/section>\n\t\t\t\t<section class=\"elementor-section elementor-top-section elementor-element elementor-element-0fe240f elementor-section-boxed elementor-section-height-default elementor-section-height-default\" data-id=\"0fe240f\" data-element_type=\"section\" data-e-type=\"section\">\n\t\t\t\t\t\t<div class=\"elementor-container elementor-column-gap-default\">\n\t\t\t\t\t<div class=\"elementor-column elementor-col-100 elementor-top-column elementor-element elementor-element-cfe9410\" data-id=\"cfe9410\" data-element_type=\"column\" data-e-type=\"column\">\n\t\t\t<div class=\"elementor-widget-wrap elementor-element-populated\">\n\t\t\t\t\t\t<div class=\"elementor-element elementor-element-e3b6013 elementor-widget elementor-widget-spacer\" data-id=\"e3b6013\" data-element_type=\"widget\" data-e-type=\"widget\" data-widget_type=\"spacer.default\">\n\t\t\t\t<div class=\"elementor-widget-container\">\n\t\t\t\t\t\t\t<div class=\"elementor-spacer\">\n\t\t\t<div class=\"elementor-spacer-inner\"><\/div>\n\t\t<\/div>\n\t\t\t\t\t\t<\/div>\n\t\t\t\t<\/div>\n\t\t\t\t<div class=\"elementor-element elementor-element-580520f elementor-widget elementor-widget-text-editor\" data-id=\"580520f\" data-element_type=\"widget\" data-e-type=\"widget\" data-widget_type=\"text-editor.default\">\n\t\t\t\t<div class=\"elementor-widget-container\">\n\t\t\t\t\t\t\t\t\t<p>Voici nos prestations propos\u00e9es : <a href=\"https:\/\/www.effiscience.paris\/index.php\/cryotherapie-corps-entier\/\" target=\"_blank\" rel=\"noopener\">cryoth\u00e9rapie<\/a>, <a href=\"https:\/\/www.effiscience.paris\/index.php\/sport-sur-mesure-paris-6\/\" target=\"_blank\" rel=\"noopener\">sport<\/a>, <a href=\"https:\/\/www.effiscience.paris\/index.php\/bien-etre-et-massage-a-paris-6\/\" target=\"_blank\" rel=\"noopener\">bien-\u00eatre<\/a>, <a href=\"https:\/\/www.effiscience.paris\/index.php\/soin-visage-innovant-paris-6\/\" target=\"_blank\" rel=\"noopener\">soins visage<\/a>, <a href=\"https:\/\/www.effiscience.paris\/index.php\/amincissement-paris-6\/\" target=\"_blank\" rel=\"noopener\">soins minceur<\/a><\/p>\t\t\t\t\t\t\t\t<\/div>\n\t\t\t\t<\/div>\n\t\t\t\t\t<\/div>\n\t\t<\/div>\n\t\t\t\t\t<\/div>\n\t\t<\/section>\n\t\t\t\t<\/div>\n\t\t","protected":false},"excerpt":{"rendered":"<p>CARTE CADEAUOffrez l&#8217;exp\u00e9rience \u00e0 vos proches Des formules sport, esth\u00e9tique ou bien-\u00eatre qui s&#8217;adaptent \u00e0 toutes les envies et \u00e0 tous les budgets. Vous pouvez acheter votre carte directement sur place ou nous contacter via le formulaire ci-dessous pour une carte sur mesure. Nous vous rappelons pour pr\u00e9ciser votre besoin [&hellip;]<\/p>\n","protected":false},"author":1,"featured_media":0,"parent":0,"menu_order":0,"comment_status":"closed","ping_status":"closed","template":"","meta":{"inspiro_page_layout":"narrow","inspiro_hide_title":false,"footnotes":""},"class_list":["post-1371","page","type-page","status-publish","hentry"],"yoast_head":"<!-- This site is optimized with the Yoast SEO plugin v27.4 - https:\/\/yoast.com\/product\/yoast-seo-wordpress\/ -->\n<title>Carte cadeau - EffiScience Paris<\/title>\n<meta name=\"description\" content=\"Offrez une carte cadeau EffiScience Paris \u00e0 vos proches : coaching priv\u00e9s, massages, des soins esth\u00e9tiques, sauna \/ hammam\" \/>\n<meta name=\"robots\" content=\"index, follow, max-snippet:-1, max-image-preview:large, max-video-preview:-1\" \/>\n<link rel=\"canonical\" href=\"https:\/\/www.effiscience.paris\/index.php\/carte-cadeau-effiscience-paris\/\" \/>\n<meta property=\"og:locale\" content=\"fr_FR\" \/>\n<meta property=\"og:type\" content=\"article\" \/>\n<meta property=\"og:title\" content=\"Carte cadeau - EffiScience Paris\" \/>\n<meta property=\"og:description\" content=\"Offrez une carte cadeau EffiScience Paris \u00e0 vos proches : coaching priv\u00e9s, massages, des soins esth\u00e9tiques, sauna \/ hammam\" \/>\n<meta property=\"og:url\" content=\"https:\/\/www.effiscience.paris\/index.php\/carte-cadeau-effiscience-paris\/\" \/>\n<meta property=\"og:site_name\" content=\"EffiScience Paris\" \/>\n<meta property=\"article:modified_time\" content=\"2024-12-27T11:53:31+00:00\" \/>\n<meta property=\"og:image\" content=\"https:\/\/www.effiscience.paris\/wp-content\/uploads\/2022\/09\/effiscience-paris-5642887-1-1024x683.jpg\" \/>\n<meta name=\"twitter:card\" content=\"summary_large_image\" \/>\n<script type=\"application\/ld+json\" class=\"yoast-schema-graph\">{\"@context\":\"https:\\\/\\\/schema.org\",\"@graph\":[{\"@type\":\"WebPage\",\"@id\":\"https:\\\/\\\/www.effiscience.paris\\\/index.php\\\/carte-cadeau-effiscience-paris\\\/\",\"url\":\"https:\\\/\\\/www.effiscience.paris\\\/index.php\\\/carte-cadeau-effiscience-paris\\\/\",\"name\":\"Carte cadeau - EffiScience Paris\",\"isPartOf\":{\"@id\":\"https:\\\/\\\/www.effiscience.paris\\\/#website\"},\"primaryImageOfPage\":{\"@id\":\"https:\\\/\\\/www.effiscience.paris\\\/index.php\\\/carte-cadeau-effiscience-paris\\\/#primaryimage\"},\"image\":{\"@id\":\"https:\\\/\\\/www.effiscience.paris\\\/index.php\\\/carte-cadeau-effiscience-paris\\\/#primaryimage\"},\"thumbnailUrl\":\"https:\\\/\\\/www.effiscience.paris\\\/wp-content\\\/uploads\\\/2022\\\/09\\\/effiscience-paris-5642887-1-1024x683.jpg\",\"datePublished\":\"2021-09-04T02:15:50+00:00\",\"dateModified\":\"2024-12-27T11:53:31+00:00\",\"description\":\"Offrez une carte cadeau EffiScience Paris \u00e0 vos proches : coaching priv\u00e9s, massages, des soins esth\u00e9tiques, sauna \\\/ hammam\",\"breadcrumb\":{\"@id\":\"https:\\\/\\\/www.effiscience.paris\\\/index.php\\\/carte-cadeau-effiscience-paris\\\/#breadcrumb\"},\"inLanguage\":\"fr-FR\",\"potentialAction\":[{\"@type\":\"ReadAction\",\"target\":[\"https:\\\/\\\/www.effiscience.paris\\\/index.php\\\/carte-cadeau-effiscience-paris\\\/\"]}]},{\"@type\":\"ImageObject\",\"inLanguage\":\"fr-FR\",\"@id\":\"https:\\\/\\\/www.effiscience.paris\\\/index.php\\\/carte-cadeau-effiscience-paris\\\/#primaryimage\",\"url\":\"https:\\\/\\\/www.effiscience.paris\\\/wp-content\\\/uploads\\\/2022\\\/09\\\/effiscience-paris-5642887-1.jpg\",\"contentUrl\":\"https:\\\/\\\/www.effiscience.paris\\\/wp-content\\\/uploads\\\/2022\\\/09\\\/effiscience-paris-5642887-1.jpg\",\"width\":1905,\"height\":1270,\"caption\":\"carte cadeau\"},{\"@type\":\"BreadcrumbList\",\"@id\":\"https:\\\/\\\/www.effiscience.paris\\\/index.php\\\/carte-cadeau-effiscience-paris\\\/#breadcrumb\",\"itemListElement\":[{\"@type\":\"ListItem\",\"position\":1,\"name\":\"Accueil\",\"item\":\"https:\\\/\\\/www.effiscience.paris\\\/\"},{\"@type\":\"ListItem\",\"position\":2,\"name\":\"Cartes Cadeaux\"}]},{\"@type\":\"WebSite\",\"@id\":\"https:\\\/\\\/www.effiscience.paris\\\/#website\",\"url\":\"https:\\\/\\\/www.effiscience.paris\\\/\",\"name\":\"EffiScience Paris\",\"description\":\"Sport, beaut\u00e9, bien-\u00eatre, Un seul lieu pour prendre soin de vous\",\"potentialAction\":[{\"@type\":\"SearchAction\",\"target\":{\"@type\":\"EntryPoint\",\"urlTemplate\":\"https:\\\/\\\/www.effiscience.paris\\\/?s={search_term_string}\"},\"query-input\":{\"@type\":\"PropertyValueSpecification\",\"valueRequired\":true,\"valueName\":\"search_term_string\"}}],\"inLanguage\":\"fr-FR\"}]}<\/script>\n<!-- \/ Yoast SEO plugin. -->","yoast_head_json":{"title":"Carte cadeau - EffiScience Paris","description":"Offrez une carte cadeau EffiScience Paris \u00e0 vos proches : coaching priv\u00e9s, massages, des soins esth\u00e9tiques, sauna \/ hammam","robots":{"index":"index","follow":"follow","max-snippet":"max-snippet:-1","max-image-preview":"max-image-preview:large","max-video-preview":"max-video-preview:-1"},"canonical":"https:\/\/www.effiscience.paris\/index.php\/carte-cadeau-effiscience-paris\/","og_locale":"fr_FR","og_type":"article","og_title":"Carte cadeau - EffiScience Paris","og_description":"Offrez une carte cadeau EffiScience Paris \u00e0 vos proches : coaching priv\u00e9s, massages, des soins esth\u00e9tiques, sauna \/ hammam","og_url":"https:\/\/www.effiscience.paris\/index.php\/carte-cadeau-effiscience-paris\/","og_site_name":"EffiScience Paris","article_modified_time":"2024-12-27T11:53:31+00:00","og_image":[{"url":"https:\/\/www.effiscience.paris\/wp-content\/uploads\/2022\/09\/effiscience-paris-5642887-1-1024x683.jpg","type":"","width":"","height":""}],"twitter_card":"summary_large_image","schema":{"@context":"https:\/\/schema.org","@graph":[{"@type":"WebPage","@id":"https:\/\/www.effiscience.paris\/index.php\/carte-cadeau-effiscience-paris\/","url":"https:\/\/www.effiscience.paris\/index.php\/carte-cadeau-effiscience-paris\/","name":"Carte cadeau - EffiScience Paris","isPartOf":{"@id":"https:\/\/www.effiscience.paris\/#website"},"primaryImageOfPage":{"@id":"https:\/\/www.effiscience.paris\/index.php\/carte-cadeau-effiscience-paris\/#primaryimage"},"image":{"@id":"https:\/\/www.effiscience.paris\/index.php\/carte-cadeau-effiscience-paris\/#primaryimage"},"thumbnailUrl":"https:\/\/www.effiscience.paris\/wp-content\/uploads\/2022\/09\/effiscience-paris-5642887-1-1024x683.jpg","datePublished":"2021-09-04T02:15:50+00:00","dateModified":"2024-12-27T11:53:31+00:00","description":"Offrez une carte cadeau EffiScience Paris \u00e0 vos proches : coaching priv\u00e9s, massages, des soins esth\u00e9tiques, sauna \/ hammam","breadcrumb":{"@id":"https:\/\/www.effiscience.paris\/index.php\/carte-cadeau-effiscience-paris\/#breadcrumb"},"inLanguage":"fr-FR","potentialAction":[{"@type":"ReadAction","target":["https:\/\/www.effiscience.paris\/index.php\/carte-cadeau-effiscience-paris\/"]}]},{"@type":"ImageObject","inLanguage":"fr-FR","@id":"https:\/\/www.effiscience.paris\/index.php\/carte-cadeau-effiscience-paris\/#primaryimage","url":"https:\/\/www.effiscience.paris\/wp-content\/uploads\/2022\/09\/effiscience-paris-5642887-1.jpg","contentUrl":"https:\/\/www.effiscience.paris\/wp-content\/uploads\/2022\/09\/effiscience-paris-5642887-1.jpg","width":1905,"height":1270,"caption":"carte cadeau"},{"@type":"BreadcrumbList","@id":"https:\/\/www.effiscience.paris\/index.php\/carte-cadeau-effiscience-paris\/#breadcrumb","itemListElement":[{"@type":"ListItem","position":1,"name":"Accueil","item":"https:\/\/www.effiscience.paris\/"},{"@type":"ListItem","position":2,"name":"Cartes Cadeaux"}]},{"@type":"WebSite","@id":"https:\/\/www.effiscience.paris\/#website","url":"https:\/\/www.effiscience.paris\/","name":"EffiScience Paris","description":"Sport, beaut\u00e9, bien-\u00eatre, Un seul lieu pour prendre soin de vous","potentialAction":[{"@type":"SearchAction","target":{"@type":"EntryPoint","urlTemplate":"https:\/\/www.effiscience.paris\/?s={search_term_string}"},"query-input":{"@type":"PropertyValueSpecification","valueRequired":true,"valueName":"search_term_string"}}],"inLanguage":"fr-FR"}]}},"jetpack_sharing_enabled":true,"_links":{"self":[{"href":"https:\/\/www.effiscience.paris\/index.php\/wp-json\/wp\/v2\/pages\/1371","targetHints":{"allow":["GET"]}}],"collection":[{"href":"https:\/\/www.effiscience.paris\/index.php\/wp-json\/wp\/v2\/pages"}],"about":[{"href":"https:\/\/www.effiscience.paris\/index.php\/wp-json\/wp\/v2\/types\/page"}],"author":[{"embeddable":true,"href":"https:\/\/www.effiscience.paris\/index.php\/wp-json\/wp\/v2\/users\/1"}],"replies":[{"embeddable":true,"href":"https:\/\/www.effiscience.paris\/index.php\/wp-json\/wp\/v2\/comments?post=1371"}],"version-history":[{"count":38,"href":"https:\/\/www.effiscience.paris\/index.php\/wp-json\/wp\/v2\/pages\/1371\/revisions"}],"predecessor-version":[{"id":34379,"href":"https:\/\/www.effiscience.paris\/index.php\/wp-json\/wp\/v2\/pages\/1371\/revisions\/34379"}],"wp:attachment":[{"href":"https:\/\/www.effiscience.paris\/index.php\/wp-json\/wp\/v2\/media?parent=1371"}],"curies":[{"name":"wp","href":"https:\/\/api.w.org\/{rel}","templated":true}]}}