{"id":33661,"date":"2024-12-13T17:22:31","date_gmt":"2024-12-13T16:22:31","guid":{"rendered":"https:\/\/www.effiscience.paris\/?page_id=33661"},"modified":"2025-02-05T15:28:31","modified_gmt":"2025-02-05T14:28:31","slug":"acces-hammam-sauna","status":"publish","type":"page","link":"https:\/\/www.effiscience.paris\/index.php\/acces-hammam-sauna\/","title":{"rendered":"Acc\u00e8s Hammam \/ Sauna"},"content":{"rendered":"\t\t<div data-elementor-type=\"wp-page\" data-elementor-id=\"33661\" class=\"elementor elementor-33661\" data-elementor-post-type=\"page\">\n\t\t\t\t\t\t<section class=\"elementor-section elementor-top-section elementor-element elementor-element-60a1d645 elementor-section-boxed elementor-section-height-default elementor-section-height-default\" data-id=\"60a1d645\" data-element_type=\"section\" data-e-type=\"section\">\n\t\t\t\t\t\t<div class=\"elementor-container elementor-column-gap-default\">\n\t\t\t\t\t<div class=\"elementor-column elementor-col-100 elementor-top-column elementor-element elementor-element-63e9591b\" data-id=\"63e9591b\" data-element_type=\"column\" data-e-type=\"column\">\n\t\t\t<div class=\"elementor-widget-wrap elementor-element-populated\">\n\t\t\t\t\t\t<div class=\"elementor-element elementor-element-5881baf elementor-widget elementor-widget-spacer\" data-id=\"5881baf\" data-element_type=\"widget\" data-e-type=\"widget\" data-widget_type=\"spacer.default\">\n\t\t\t\t<div class=\"elementor-widget-container\">\n\t\t\t\t\t\t\t<div class=\"elementor-spacer\">\n\t\t\t<div class=\"elementor-spacer-inner\"><\/div>\n\t\t<\/div>\n\t\t\t\t\t\t<\/div>\n\t\t\t\t<\/div>\n\t\t\t\t<div class=\"elementor-element elementor-element-22af3502 elementor-widget elementor-widget-heading\" data-id=\"22af3502\" data-element_type=\"widget\" data-e-type=\"widget\" data-widget_type=\"heading.default\">\n\t\t\t\t<div class=\"elementor-widget-container\">\n\t\t\t\t\t<h1 class=\"elementor-heading-title elementor-size-default\"><a href=\"https:\/\/www.sauna-hammam.fr\/content\/11-les-1001-bienfaits-du-sauna-et-du-hammam\" target=\"_blank\">HAMMAM \/ SAUNA <br>Un acc\u00e8s pour prolonger votre d\u00e9tente<\/a><\/h1>\t\t\t\t<\/div>\n\t\t\t\t<\/div>\n\t\t\t\t<div class=\"elementor-element elementor-element-1df360ff elementor-widget elementor-widget-image\" data-id=\"1df360ff\" data-element_type=\"widget\" data-e-type=\"widget\" data-widget_type=\"image.default\">\n\t\t\t\t<div class=\"elementor-widget-container\">\n\t\t\t\t\t\t\t\t\t\t\t\t\t\t\t<img fetchpriority=\"high\" decoding=\"async\" width=\"930\" height=\"573\" src=\"https:\/\/www.effiscience.paris\/wp-content\/uploads\/2024\/12\/IMG_5511-1024x631.jpeg\" class=\"attachment-large size-large wp-image-33676\" alt=\"Hammam Sauna\" srcset=\"https:\/\/www.effiscience.paris\/wp-content\/uploads\/2024\/12\/IMG_5511-1024x631.jpeg 1024w, https:\/\/www.effiscience.paris\/wp-content\/uploads\/2024\/12\/IMG_5511-300x185.jpeg 300w, https:\/\/www.effiscience.paris\/wp-content\/uploads\/2024\/12\/IMG_5511-768x473.jpeg 768w, https:\/\/www.effiscience.paris\/wp-content\/uploads\/2024\/12\/IMG_5511-1536x947.jpeg 1536w, https:\/\/www.effiscience.paris\/wp-content\/uploads\/2024\/12\/IMG_5511-2048x1262.jpeg 2048w, https:\/\/www.effiscience.paris\/wp-content\/uploads\/2024\/12\/IMG_5511-2000x1233.jpeg 2000w, https:\/\/www.effiscience.paris\/wp-content\/uploads\/2024\/12\/IMG_5511-1000x616.jpeg 1000w, https:\/\/www.effiscience.paris\/wp-content\/uploads\/2024\/12\/IMG_5511-1800x1109.jpeg 1800w, https:\/\/www.effiscience.paris\/wp-content\/uploads\/2024\/12\/IMG_5511-909x560.jpeg 909w, https:\/\/www.effiscience.paris\/wp-content\/uploads\/2024\/12\/IMG_5511-600x370.jpeg 600w\" sizes=\"(max-width: 930px) 100vw, 930px\" \/>\t\t\t\t\t\t\t\t\t\t\t\t\t\t\t<\/div>\n\t\t\t\t<\/div>\n\t\t\t\t<div class=\"elementor-element elementor-element-33178a93 elementor-widget elementor-widget-text-editor\" data-id=\"33178a93\" data-element_type=\"widget\" data-e-type=\"widget\" data-widget_type=\"text-editor.default\">\n\t\t\t\t<div class=\"elementor-widget-container\">\n\t\t\t\t\t\t\t\t\t<p>Le hammam \/ sauna va continuer votre d\u00e9tente d&#8217;apr\u00e8s soin ou va soulager vos muscle apr\u00e8s un cours de sport intensif. La combinaison des deux temp\u00e9ratures va transmettre des bienfaits physiques, tels que des muscles d\u00e9tendus, une diminution du stress et un sommeil am\u00e9lior\u00e9e.<\/p>\t\t\t\t\t\t\t\t<\/div>\n\t\t\t\t<\/div>\n\t\t\t\t<div class=\"elementor-element elementor-element-37def71 elementor-widget elementor-widget-spacer\" data-id=\"37def71\" data-element_type=\"widget\" data-e-type=\"widget\" data-widget_type=\"spacer.default\">\n\t\t\t\t<div class=\"elementor-widget-container\">\n\t\t\t\t\t\t\t<div class=\"elementor-spacer\">\n\t\t\t<div class=\"elementor-spacer-inner\"><\/div>\n\t\t<\/div>\n\t\t\t\t\t\t<\/div>\n\t\t\t\t<\/div>\n\t\t\t\t<section class=\"elementor-section elementor-inner-section elementor-element elementor-element-36686131 elementor-section-boxed elementor-section-height-default elementor-section-height-default\" data-id=\"36686131\" data-element_type=\"section\" data-e-type=\"section\">\n\t\t\t\t\t\t<div class=\"elementor-container elementor-column-gap-default\">\n\t\t\t\t\t<div class=\"elementor-column elementor-col-50 elementor-inner-column elementor-element elementor-element-2d969725\" data-id=\"2d969725\" data-element_type=\"column\" data-e-type=\"column\">\n\t\t\t<div class=\"elementor-widget-wrap elementor-element-populated\">\n\t\t\t\t\t\t<div class=\"elementor-element elementor-element-d8740b0 elementor-view-default elementor-widget elementor-widget-icon\" data-id=\"d8740b0\" data-element_type=\"widget\" data-e-type=\"widget\" data-widget_type=\"icon.default\">\n\t\t\t\t<div class=\"elementor-widget-container\">\n\t\t\t\t\t\t\t<div class=\"elementor-icon-wrapper\">\n\t\t\t<div class=\"elementor-icon\">\n\t\t\t<i aria-hidden=\"true\" class=\"far fa-clock\"><\/i>\t\t\t<\/div>\n\t\t<\/div>\n\t\t\t\t\t\t<\/div>\n\t\t\t\t<\/div>\n\t\t\t\t<div class=\"elementor-element elementor-element-7cc2e15a elementor-widget elementor-widget-heading\" data-id=\"7cc2e15a\" data-element_type=\"widget\" data-e-type=\"widget\" data-widget_type=\"heading.default\">\n\t\t\t\t<div class=\"elementor-widget-container\">\n\t\t\t\t\t<h3 class=\"elementor-heading-title elementor-size-default\">60 minutes<\/h3>\t\t\t\t<\/div>\n\t\t\t\t<\/div>\n\t\t\t\t<div class=\"elementor-element elementor-element-4b4a45f2 elementor-view-default elementor-widget elementor-widget-icon\" data-id=\"4b4a45f2\" data-element_type=\"widget\" data-e-type=\"widget\" data-widget_type=\"icon.default\">\n\t\t\t\t<div class=\"elementor-widget-container\">\n\t\t\t\t\t\t\t<div class=\"elementor-icon-wrapper\">\n\t\t\t<div class=\"elementor-icon\">\n\t\t\t<i aria-hidden=\"true\" class=\"fas fa-male\"><\/i>\t\t\t<\/div>\n\t\t<\/div>\n\t\t\t\t\t\t<\/div>\n\t\t\t\t<\/div>\n\t\t\t\t<div class=\"elementor-element elementor-element-238763cd elementor-widget elementor-widget-heading\" data-id=\"238763cd\" data-element_type=\"widget\" data-e-type=\"widget\" data-widget_type=\"heading.default\">\n\t\t\t\t<div class=\"elementor-widget-container\">\n\t\t\t\t\t<h3 class=\"elementor-heading-title elementor-size-default\">Pour qui?<\/h3>\t\t\t\t<\/div>\n\t\t\t\t<\/div>\n\t\t\t\t<div class=\"elementor-element elementor-element-d0c1754 elementor-widget elementor-widget-text-editor\" data-id=\"d0c1754\" data-element_type=\"widget\" data-e-type=\"widget\" data-widget_type=\"text-editor.default\">\n\t\t\t\t<div class=\"elementor-widget-container\">\n\t\t\t\t\t\t\t\t\t<p>\u00a0Toutes personnes ayant effectu\u00e9 un soin bien-\u00eatre, un soin minceur ou bien un cours collectifs \/ priv\u00e9. Mais aussi pour les personnes voulant profiter de l&#8217;espace pendant 1 heure.<\/p>\t\t\t\t\t\t\t\t<\/div>\n\t\t\t\t<\/div>\n\t\t\t\t<div class=\"elementor-element elementor-element-d1a566a elementor-view-default elementor-widget elementor-widget-icon\" data-id=\"d1a566a\" data-element_type=\"widget\" data-e-type=\"widget\" data-widget_type=\"icon.default\">\n\t\t\t\t<div class=\"elementor-widget-container\">\n\t\t\t\t\t\t\t<div class=\"elementor-icon-wrapper\">\n\t\t\t<div class=\"elementor-icon\">\n\t\t\t<i aria-hidden=\"true\" class=\"far fa-money-bill-alt\"><\/i>\t\t\t<\/div>\n\t\t<\/div>\n\t\t\t\t\t\t<\/div>\n\t\t\t\t<\/div>\n\t\t\t\t<div class=\"elementor-element elementor-element-46570872 elementor-widget elementor-widget-heading\" data-id=\"46570872\" data-element_type=\"widget\" data-e-type=\"widget\" data-widget_type=\"heading.default\">\n\t\t\t\t<div class=\"elementor-widget-container\">\n\t\t\t\t\t<h3 class=\"elementor-heading-title elementor-size-default\">Quel tarif?<\/h3>\t\t\t\t<\/div>\n\t\t\t\t<\/div>\n\t\t\t\t<div class=\"elementor-element elementor-element-5b82538 elementor-widget elementor-widget-text-editor\" data-id=\"5b82538\" data-element_type=\"widget\" data-e-type=\"widget\" data-widget_type=\"text-editor.default\">\n\t\t\t\t<div class=\"elementor-widget-container\">\n\t\t\t\t\t\t\t\t\t<p>S\u00e9ance unitaire \u00a0 \u00a0 \u00a0 \u00a0 \u00a0 \u00a0 \u00a0 \u00a0 \u00a0 \u00a0 \u00a0 \u00a0 \u00a0 \u00a0 \u00a0 \u00a0 \u00a0 20\u20ac<\/p>\t\t\t\t\t\t\t\t<\/div>\n\t\t\t\t<\/div>\n\t\t\t\t\t<\/div>\n\t\t<\/div>\n\t\t\t\t<div class=\"elementor-column elementor-col-50 elementor-inner-column elementor-element elementor-element-11e01b12\" data-id=\"11e01b12\" data-element_type=\"column\" data-e-type=\"column\">\n\t\t\t<div class=\"elementor-widget-wrap elementor-element-populated\">\n\t\t\t\t\t\t<div class=\"elementor-element elementor-element-f05ade6 elementor-widget elementor-widget-image\" data-id=\"f05ade6\" data-element_type=\"widget\" data-e-type=\"widget\" data-widget_type=\"image.default\">\n\t\t\t\t<div class=\"elementor-widget-container\">\n\t\t\t\t\t\t\t\t\t\t\t\t\t\t\t<img decoding=\"async\" width=\"768\" height=\"1024\" src=\"https:\/\/www.effiscience.paris\/wp-content\/uploads\/2024\/12\/IMG_5597-768x1024.jpeg\" class=\"attachment-large size-large wp-image-34366\" alt=\"hammam\/sauna\" srcset=\"https:\/\/www.effiscience.paris\/wp-content\/uploads\/2024\/12\/IMG_5597-768x1024.jpeg 768w, https:\/\/www.effiscience.paris\/wp-content\/uploads\/2024\/12\/IMG_5597-225x300.jpeg 225w, https:\/\/www.effiscience.paris\/wp-content\/uploads\/2024\/12\/IMG_5597-1152x1536.jpeg 1152w, https:\/\/www.effiscience.paris\/wp-content\/uploads\/2024\/12\/IMG_5597-1536x2048.jpeg 1536w, https:\/\/www.effiscience.paris\/wp-content\/uploads\/2024\/12\/IMG_5597-2000x2667.jpeg 2000w, https:\/\/www.effiscience.paris\/wp-content\/uploads\/2024\/12\/IMG_5597-1000x1333.jpeg 1000w, https:\/\/www.effiscience.paris\/wp-content\/uploads\/2024\/12\/IMG_5597-1800x2400.jpeg 1800w, https:\/\/www.effiscience.paris\/wp-content\/uploads\/2024\/12\/IMG_5597-420x560.jpeg 420w, https:\/\/www.effiscience.paris\/wp-content\/uploads\/2024\/12\/IMG_5597-600x800.jpeg 600w, https:\/\/www.effiscience.paris\/wp-content\/uploads\/2024\/12\/IMG_5597-scaled.jpeg 1920w\" sizes=\"(max-width: 768px) 100vw, 768px\" \/>\t\t\t\t\t\t\t\t\t\t\t\t\t\t\t<\/div>\n\t\t\t\t<\/div>\n\t\t\t\t\t<\/div>\n\t\t<\/div>\n\t\t\t\t\t<\/div>\n\t\t<\/section>\n\t\t\t\t<div class=\"elementor-element elementor-element-cadfba5 elementor-widget-divider--view-line elementor-widget elementor-widget-divider\" data-id=\"cadfba5\" data-element_type=\"widget\" data-e-type=\"widget\" data-widget_type=\"divider.default\">\n\t\t\t\t<div class=\"elementor-widget-container\">\n\t\t\t\t\t\t\t<div class=\"elementor-divider\">\n\t\t\t<span class=\"elementor-divider-separator\">\n\t\t\t\t\t\t<\/span>\n\t\t<\/div>\n\t\t\t\t\t\t<\/div>\n\t\t\t\t<\/div>\n\t\t\t\t<div class=\"elementor-element elementor-element-5c18dd8 elementor-widget elementor-widget-spacer\" data-id=\"5c18dd8\" data-element_type=\"widget\" data-e-type=\"widget\" data-widget_type=\"spacer.default\">\n\t\t\t\t<div class=\"elementor-widget-container\">\n\t\t\t\t\t\t\t<div class=\"elementor-spacer\">\n\t\t\t<div class=\"elementor-spacer-inner\"><\/div>\n\t\t<\/div>\n\t\t\t\t\t\t<\/div>\n\t\t\t\t<\/div>\n\t\t\t\t\t<\/div>\n\t\t<\/div>\n\t\t\t\t\t<\/div>\n\t\t<\/section>\n\t\t\t\t<section class=\"elementor-section elementor-top-section elementor-element elementor-element-085e0ce elementor-section-boxed elementor-section-height-default elementor-section-height-default\" data-id=\"085e0ce\" data-element_type=\"section\" data-e-type=\"section\">\n\t\t\t\t\t\t<div class=\"elementor-container elementor-column-gap-default\">\n\t\t\t\t\t<div class=\"elementor-column elementor-col-100 elementor-top-column elementor-element elementor-element-393b22b\" data-id=\"393b22b\" data-element_type=\"column\" data-e-type=\"column\">\n\t\t\t<div class=\"elementor-widget-wrap elementor-element-populated\">\n\t\t\t\t\t\t<div class=\"elementor-element elementor-element-d6d57ce elementor-widget elementor-widget-heading\" data-id=\"d6d57ce\" data-element_type=\"widget\" data-e-type=\"widget\" data-widget_type=\"heading.default\">\n\t\t\t\t<div class=\"elementor-widget-container\">\n\t\t\t\t\t<h2 class=\"elementor-heading-title elementor-size-default\">Le Hammam et le Sauna c'est quoi ?<\/h2>\t\t\t\t<\/div>\n\t\t\t\t<\/div>\n\t\t\t\t<div class=\"elementor-element elementor-element-6118d64 elementor-widget elementor-widget-text-editor\" data-id=\"6118d64\" data-element_type=\"widget\" data-e-type=\"widget\" data-widget_type=\"text-editor.default\">\n\t\t\t\t<div class=\"elementor-widget-container\">\n\t\t\t\t\t\t\t\t\t<p>Le hammam est un bain de vapeur humide, \u00e0 la diff\u00e9rence du sauna qui est un bain de vapeur s\u00e8che. L&#8217;alternance entre les temp\u00e9ratures et la chaleur humide et s\u00e8che offre une relaxation profonde et une exp\u00e9rience multi-sensorielle.<\/p>\t\t\t\t\t\t\t\t<\/div>\n\t\t\t\t<\/div>\n\t\t\t\t<div class=\"elementor-element elementor-element-9df0b88 elementor-widget elementor-widget-heading\" data-id=\"9df0b88\" data-element_type=\"widget\" data-e-type=\"widget\" data-widget_type=\"heading.default\">\n\t\t\t\t<div class=\"elementor-widget-container\">\n\t\t\t\t\t<h3 class=\"elementor-heading-title elementor-size-default\">Les bienfaits du Hammam<\/h3>\t\t\t\t<\/div>\n\t\t\t\t<\/div>\n\t\t\t\t<div class=\"elementor-element elementor-element-928225a elementor-widget elementor-widget-text-editor\" data-id=\"928225a\" data-element_type=\"widget\" data-e-type=\"widget\" data-widget_type=\"text-editor.default\">\n\t\t\t\t<div class=\"elementor-widget-container\">\n\t\t\t\t\t\t\t\t\t<p>Le hammam va dilater les pores par l&#8217;humidit\u00e9. Vos muscles seront d\u00e9tendus par la vapeur chaude, r\u00e9duisant le stress et l&#8217;anxi\u00e9t\u00e9 mais aussi une meilleure circulation sanguine.<\/p>\t\t\t\t\t\t\t\t<\/div>\n\t\t\t\t<\/div>\n\t\t\t\t<div class=\"elementor-element elementor-element-e8660d7 elementor-widget elementor-widget-heading\" data-id=\"e8660d7\" data-element_type=\"widget\" data-e-type=\"widget\" data-widget_type=\"heading.default\">\n\t\t\t\t<div class=\"elementor-widget-container\">\n\t\t\t\t\t<h4 class=\"elementor-heading-title elementor-size-default\">Les bienfaits du Sauna<\/h4>\t\t\t\t<\/div>\n\t\t\t\t<\/div>\n\t\t\t\t<div class=\"elementor-element elementor-element-5cbe3cc elementor-widget elementor-widget-text-editor\" data-id=\"5cbe3cc\" data-element_type=\"widget\" data-e-type=\"widget\" data-widget_type=\"text-editor.default\">\n\t\t\t\t<div class=\"elementor-widget-container\">\n\t\t\t\t\t\t\t\t\t<p>L&#8217;alternance du chaud-froid am\u00e9liore la circulation sanguine. La chaleur soulage les tensions musculaires ainsi que les courbatures, mais aussi aide \u00e0 pr\u00e9venir les maladies par la stimulation du syst\u00e8me immunitaire. Le sauna favorise le sommeil.<\/p>\t\t\t\t\t\t\t\t<\/div>\n\t\t\t\t<\/div>\n\t\t\t\t<div class=\"elementor-element elementor-element-9df76b1 elementor-widget elementor-widget-spacer\" data-id=\"9df76b1\" data-element_type=\"widget\" data-e-type=\"widget\" data-widget_type=\"spacer.default\">\n\t\t\t\t<div class=\"elementor-widget-container\">\n\t\t\t\t\t\t\t<div class=\"elementor-spacer\">\n\t\t\t<div class=\"elementor-spacer-inner\"><\/div>\n\t\t<\/div>\n\t\t\t\t\t\t<\/div>\n\t\t\t\t<\/div>\n\t\t\t\t<div class=\"elementor-element elementor-element-0ac6a12 elementor-widget elementor-widget-text-editor\" data-id=\"0ac6a12\" data-element_type=\"widget\" data-e-type=\"widget\" data-widget_type=\"text-editor.default\">\n\t\t\t\t<div class=\"elementor-widget-container\">\n\t\t\t\t\t\t\t\t\t<p>Profitez du hammam et sauna apr\u00e8s ces prestations : <a href=\"https:\/\/www.effiscience.paris\/index.php\/sport-sur-mesure-paris-6\/\" target=\"_blank\" rel=\"noopener\">sport<\/a>, <a href=\"https:\/\/www.effiscience.paris\/index.php\/bien-etre-et-massage-a-paris-6\/\" target=\"_blank\" rel=\"noopener\">bien-\u00eatre<\/a>, <a href=\"https:\/\/www.effiscience.paris\/index.php\/amincissement-paris-6\/\" target=\"_blank\" rel=\"noopener\">soin minceur<\/a>, <a href=\"https:\/\/www.effiscience.paris\/index.php\/soin-visage-innovant-paris-6\/\" target=\"_blank\" rel=\"noopener\">soin visage<\/a><\/p>\t\t\t\t\t\t\t\t<\/div>\n\t\t\t\t<\/div>\n\t\t\t\t\t<\/div>\n\t\t<\/div>\n\t\t\t\t\t<\/div>\n\t\t<\/section>\n\t\t\t\t<section class=\"elementor-section elementor-top-section elementor-element elementor-element-90c8449 elementor-section-boxed elementor-section-height-default elementor-section-height-default\" data-id=\"90c8449\" data-element_type=\"section\" data-e-type=\"section\">\n\t\t\t\t\t\t<div class=\"elementor-container elementor-column-gap-default\">\n\t\t\t\t\t<div class=\"elementor-column elementor-col-100 elementor-top-column elementor-element elementor-element-81c7690\" data-id=\"81c7690\" data-element_type=\"column\" data-e-type=\"column\">\n\t\t\t<div class=\"elementor-widget-wrap elementor-element-populated\">\n\t\t\t\t\t\t\t<\/div>\n\t\t<\/div>\n\t\t\t\t\t<\/div>\n\t\t<\/section>\n\t\t\t\t<\/div>\n\t\t","protected":false},"excerpt":{"rendered":"<p>HAMMAM \/ SAUNA Un acc\u00e8s pour prolonger votre d\u00e9tente Le hammam \/ sauna va continuer votre d\u00e9tente d&#8217;apr\u00e8s soin ou va soulager vos muscle apr\u00e8s un cours de sport intensif. La combinaison des deux temp\u00e9ratures va transmettre des bienfaits physiques, tels que des muscles d\u00e9tendus, une diminution du stress et [&hellip;]<\/p>\n","protected":false},"author":1,"featured_media":0,"parent":0,"menu_order":0,"comment_status":"closed","ping_status":"closed","template":"","meta":{"inspiro_page_layout":"narrow","inspiro_hide_title":false,"footnotes":""},"class_list":["post-33661","page","type-page","status-publish","hentry"],"yoast_head":"<!-- This site is optimized with the Yoast SEO plugin v27.4 - https:\/\/yoast.com\/product\/yoast-seo-wordpress\/ -->\n<title>Hammam \/ Sauna - EffiScience Paris<\/title>\n<meta name=\"description\" content=\"Venez profiter de l&#039;espace hammam \/ sauna apr\u00e8s votre soin corps, visage ou votre cours de sport pour une d\u00e9tente optimale.\" \/>\n<meta name=\"robots\" content=\"index, follow, max-snippet:-1, max-image-preview:large, max-video-preview:-1\" \/>\n<link rel=\"canonical\" href=\"https:\/\/www.effiscience.paris\/index.php\/acces-hammam-sauna\/\" \/>\n<meta property=\"og:locale\" content=\"fr_FR\" \/>\n<meta property=\"og:type\" content=\"article\" \/>\n<meta property=\"og:title\" content=\"Hammam \/ Sauna - EffiScience Paris\" \/>\n<meta property=\"og:description\" content=\"Venez profiter de l&#039;espace hammam \/ sauna apr\u00e8s votre soin corps, visage ou votre cours de sport pour une d\u00e9tente optimale.\" \/>\n<meta property=\"og:url\" content=\"https:\/\/www.effiscience.paris\/index.php\/acces-hammam-sauna\/\" \/>\n<meta property=\"og:site_name\" content=\"EffiScience Paris\" \/>\n<meta property=\"article:modified_time\" content=\"2025-02-05T14:28:31+00:00\" \/>\n<meta property=\"og:image\" content=\"https:\/\/www.effiscience.paris\/wp-content\/uploads\/2024\/12\/IMG_5511-1024x631.jpeg\" \/>\n<meta name=\"twitter:card\" content=\"summary_large_image\" \/>\n<meta name=\"twitter:label1\" content=\"Dur\u00e9e de lecture estim\u00e9e\" \/>\n\t<meta name=\"twitter:data1\" content=\"1 minute\" \/>\n<script type=\"application\/ld+json\" class=\"yoast-schema-graph\">{\"@context\":\"https:\\\/\\\/schema.org\",\"@graph\":[{\"@type\":\"WebPage\",\"@id\":\"https:\\\/\\\/www.effiscience.paris\\\/index.php\\\/acces-hammam-sauna\\\/\",\"url\":\"https:\\\/\\\/www.effiscience.paris\\\/index.php\\\/acces-hammam-sauna\\\/\",\"name\":\"Hammam \\\/ Sauna - EffiScience Paris\",\"isPartOf\":{\"@id\":\"https:\\\/\\\/www.effiscience.paris\\\/#website\"},\"primaryImageOfPage\":{\"@id\":\"https:\\\/\\\/www.effiscience.paris\\\/index.php\\\/acces-hammam-sauna\\\/#primaryimage\"},\"image\":{\"@id\":\"https:\\\/\\\/www.effiscience.paris\\\/index.php\\\/acces-hammam-sauna\\\/#primaryimage\"},\"thumbnailUrl\":\"https:\\\/\\\/www.effiscience.paris\\\/wp-content\\\/uploads\\\/2024\\\/12\\\/IMG_5511-1024x631.jpeg\",\"datePublished\":\"2024-12-13T16:22:31+00:00\",\"dateModified\":\"2025-02-05T14:28:31+00:00\",\"description\":\"Venez profiter de l'espace hammam \\\/ sauna apr\u00e8s votre soin corps, visage ou votre cours de sport pour une d\u00e9tente optimale.\",\"breadcrumb\":{\"@id\":\"https:\\\/\\\/www.effiscience.paris\\\/index.php\\\/acces-hammam-sauna\\\/#breadcrumb\"},\"inLanguage\":\"fr-FR\",\"potentialAction\":[{\"@type\":\"ReadAction\",\"target\":[\"https:\\\/\\\/www.effiscience.paris\\\/index.php\\\/acces-hammam-sauna\\\/\"]}]},{\"@type\":\"ImageObject\",\"inLanguage\":\"fr-FR\",\"@id\":\"https:\\\/\\\/www.effiscience.paris\\\/index.php\\\/acces-hammam-sauna\\\/#primaryimage\",\"url\":\"https:\\\/\\\/www.effiscience.paris\\\/wp-content\\\/uploads\\\/2024\\\/12\\\/IMG_5511-1024x631.jpeg\",\"contentUrl\":\"https:\\\/\\\/www.effiscience.paris\\\/wp-content\\\/uploads\\\/2024\\\/12\\\/IMG_5511-1024x631.jpeg\"},{\"@type\":\"BreadcrumbList\",\"@id\":\"https:\\\/\\\/www.effiscience.paris\\\/index.php\\\/acces-hammam-sauna\\\/#breadcrumb\",\"itemListElement\":[{\"@type\":\"ListItem\",\"position\":1,\"name\":\"Accueil\",\"item\":\"https:\\\/\\\/www.effiscience.paris\\\/\"},{\"@type\":\"ListItem\",\"position\":2,\"name\":\"Acc\u00e8s Hammam \\\/ Sauna\"}]},{\"@type\":\"WebSite\",\"@id\":\"https:\\\/\\\/www.effiscience.paris\\\/#website\",\"url\":\"https:\\\/\\\/www.effiscience.paris\\\/\",\"name\":\"EffiScience Paris\",\"description\":\"Sport, beaut\u00e9, bien-\u00eatre, Un seul lieu pour prendre soin de vous\",\"potentialAction\":[{\"@type\":\"SearchAction\",\"target\":{\"@type\":\"EntryPoint\",\"urlTemplate\":\"https:\\\/\\\/www.effiscience.paris\\\/?s={search_term_string}\"},\"query-input\":{\"@type\":\"PropertyValueSpecification\",\"valueRequired\":true,\"valueName\":\"search_term_string\"}}],\"inLanguage\":\"fr-FR\"}]}<\/script>\n<!-- \/ Yoast SEO plugin. -->","yoast_head_json":{"title":"Hammam \/ Sauna - EffiScience Paris","description":"Venez profiter de l'espace hammam \/ sauna apr\u00e8s votre soin corps, visage ou votre cours de sport pour une d\u00e9tente optimale.","robots":{"index":"index","follow":"follow","max-snippet":"max-snippet:-1","max-image-preview":"max-image-preview:large","max-video-preview":"max-video-preview:-1"},"canonical":"https:\/\/www.effiscience.paris\/index.php\/acces-hammam-sauna\/","og_locale":"fr_FR","og_type":"article","og_title":"Hammam \/ Sauna - EffiScience Paris","og_description":"Venez profiter de l'espace hammam \/ sauna apr\u00e8s votre soin corps, visage ou votre cours de sport pour une d\u00e9tente optimale.","og_url":"https:\/\/www.effiscience.paris\/index.php\/acces-hammam-sauna\/","og_site_name":"EffiScience Paris","article_modified_time":"2025-02-05T14:28:31+00:00","og_image":[{"url":"https:\/\/www.effiscience.paris\/wp-content\/uploads\/2024\/12\/IMG_5511-1024x631.jpeg","type":"","width":"","height":""}],"twitter_card":"summary_large_image","twitter_misc":{"Dur\u00e9e de lecture estim\u00e9e":"1 minute"},"schema":{"@context":"https:\/\/schema.org","@graph":[{"@type":"WebPage","@id":"https:\/\/www.effiscience.paris\/index.php\/acces-hammam-sauna\/","url":"https:\/\/www.effiscience.paris\/index.php\/acces-hammam-sauna\/","name":"Hammam \/ Sauna - EffiScience Paris","isPartOf":{"@id":"https:\/\/www.effiscience.paris\/#website"},"primaryImageOfPage":{"@id":"https:\/\/www.effiscience.paris\/index.php\/acces-hammam-sauna\/#primaryimage"},"image":{"@id":"https:\/\/www.effiscience.paris\/index.php\/acces-hammam-sauna\/#primaryimage"},"thumbnailUrl":"https:\/\/www.effiscience.paris\/wp-content\/uploads\/2024\/12\/IMG_5511-1024x631.jpeg","datePublished":"2024-12-13T16:22:31+00:00","dateModified":"2025-02-05T14:28:31+00:00","description":"Venez profiter de l'espace hammam \/ sauna apr\u00e8s votre soin corps, visage ou votre cours de sport pour une d\u00e9tente optimale.","breadcrumb":{"@id":"https:\/\/www.effiscience.paris\/index.php\/acces-hammam-sauna\/#breadcrumb"},"inLanguage":"fr-FR","potentialAction":[{"@type":"ReadAction","target":["https:\/\/www.effiscience.paris\/index.php\/acces-hammam-sauna\/"]}]},{"@type":"ImageObject","inLanguage":"fr-FR","@id":"https:\/\/www.effiscience.paris\/index.php\/acces-hammam-sauna\/#primaryimage","url":"https:\/\/www.effiscience.paris\/wp-content\/uploads\/2024\/12\/IMG_5511-1024x631.jpeg","contentUrl":"https:\/\/www.effiscience.paris\/wp-content\/uploads\/2024\/12\/IMG_5511-1024x631.jpeg"},{"@type":"BreadcrumbList","@id":"https:\/\/www.effiscience.paris\/index.php\/acces-hammam-sauna\/#breadcrumb","itemListElement":[{"@type":"ListItem","position":1,"name":"Accueil","item":"https:\/\/www.effiscience.paris\/"},{"@type":"ListItem","position":2,"name":"Acc\u00e8s Hammam \/ Sauna"}]},{"@type":"WebSite","@id":"https:\/\/www.effiscience.paris\/#website","url":"https:\/\/www.effiscience.paris\/","name":"EffiScience Paris","description":"Sport, beaut\u00e9, bien-\u00eatre, Un seul lieu pour prendre soin de vous","potentialAction":[{"@type":"SearchAction","target":{"@type":"EntryPoint","urlTemplate":"https:\/\/www.effiscience.paris\/?s={search_term_string}"},"query-input":{"@type":"PropertyValueSpecification","valueRequired":true,"valueName":"search_term_string"}}],"inLanguage":"fr-FR"}]}},"jetpack_sharing_enabled":true,"_links":{"self":[{"href":"https:\/\/www.effiscience.paris\/index.php\/wp-json\/wp\/v2\/pages\/33661","targetHints":{"allow":["GET"]}}],"collection":[{"href":"https:\/\/www.effiscience.paris\/index.php\/wp-json\/wp\/v2\/pages"}],"about":[{"href":"https:\/\/www.effiscience.paris\/index.php\/wp-json\/wp\/v2\/types\/page"}],"author":[{"embeddable":true,"href":"https:\/\/www.effiscience.paris\/index.php\/wp-json\/wp\/v2\/users\/1"}],"replies":[{"embeddable":true,"href":"https:\/\/www.effiscience.paris\/index.php\/wp-json\/wp\/v2\/comments?post=33661"}],"version-history":[{"count":17,"href":"https:\/\/www.effiscience.paris\/index.php\/wp-json\/wp\/v2\/pages\/33661\/revisions"}],"predecessor-version":[{"id":35314,"href":"https:\/\/www.effiscience.paris\/index.php\/wp-json\/wp\/v2\/pages\/33661\/revisions\/35314"}],"wp:attachment":[{"href":"https:\/\/www.effiscience.paris\/index.php\/wp-json\/wp\/v2\/media?parent=33661"}],"curies":[{"name":"wp","href":"https:\/\/api.w.org\/{rel}","templated":true}]}}