{"id":36428,"date":"2025-04-04T13:40:45","date_gmt":"2025-04-04T11:40:45","guid":{"rendered":"https:\/\/www.effiscience.paris\/?page_id=36428"},"modified":"2025-04-23T10:12:14","modified_gmt":"2025-04-23T08:12:14","slug":"gymlib","status":"publish","type":"page","link":"https:\/\/www.effiscience.paris\/index.php\/gymlib\/","title":{"rendered":"GYMLIB"},"content":{"rendered":"\t\t<div data-elementor-type=\"wp-page\" data-elementor-id=\"36428\" class=\"elementor elementor-36428\" data-elementor-post-type=\"page\">\n\t\t\t\t\t\t<section class=\"elementor-section elementor-top-section elementor-element elementor-element-2635de31 elementor-section-stretched elementor-section-boxed elementor-section-height-default elementor-section-height-default\" data-id=\"2635de31\" data-element_type=\"section\" data-e-type=\"section\" data-settings=\"{&quot;stretch_section&quot;:&quot;section-stretched&quot;}\">\n\t\t\t\t\t\t<div class=\"elementor-container elementor-column-gap-default\">\n\t\t\t\t\t<div class=\"elementor-column elementor-col-100 elementor-top-column elementor-element elementor-element-53d56403\" data-id=\"53d56403\" data-element_type=\"column\" data-e-type=\"column\">\n\t\t\t<div class=\"elementor-widget-wrap elementor-element-populated\">\n\t\t\t\t\t\t<div class=\"elementor-element elementor-element-76edcd18 elementor-widget elementor-widget-heading\" data-id=\"76edcd18\" data-element_type=\"widget\" data-e-type=\"widget\" data-widget_type=\"heading.default\">\n\t\t\t\t<div class=\"elementor-widget-container\">\n\t\t\t\t\t<h2 class=\"elementor-heading-title elementor-size-default\"><span style=\"font-size: 40px\">Abonn\u00e9\/es GYMLIB<\/span><br><span style=\"font-size: 18px;text-align: left;white-space: normal\">Vous utilisez la plateforme GYMLIB et vous souhaitez prendre rendez-vous dans notre centre.<\/span><\/h2>\t\t\t\t<\/div>\n\t\t\t\t<\/div>\n\t\t\t\t\t<\/div>\n\t\t<\/div>\n\t\t\t\t\t<\/div>\n\t\t<\/section>\n\t\t\t\t<section class=\"elementor-section elementor-top-section elementor-element elementor-element-1c6828de elementor-section-content-middle elementor-section-stretched elementor-section-boxed elementor-section-height-default elementor-section-height-default\" data-id=\"1c6828de\" data-element_type=\"section\" data-e-type=\"section\" data-settings=\"{&quot;stretch_section&quot;:&quot;section-stretched&quot;}\">\n\t\t\t\t\t\t<div class=\"elementor-container elementor-column-gap-default\">\n\t\t\t\t\t<div class=\"elementor-column elementor-col-100 elementor-top-column elementor-element elementor-element-29b27f98\" data-id=\"29b27f98\" data-element_type=\"column\" data-e-type=\"column\">\n\t\t\t<div class=\"elementor-widget-wrap elementor-element-populated\">\n\t\t\t\t\t\t<div class=\"elementor-element elementor-element-7173a85 elementor-widget elementor-widget-html\" data-id=\"7173a85\" data-element_type=\"widget\" data-e-type=\"widget\" data-widget_type=\"html.default\">\n\t\t\t\t<div class=\"elementor-widget-container\">\n\t\t\t\t\t<div id=\"myContainerId\"><\/div>\n<style>\n#planitywl {background-color:#ffffff\n}\n@media (min-width: 768px) {#planitywl h3 {color: #020202!important;}}\n#planitywl .planity_bookappointment-button-choose {background-color: #020202;}\n.planity_ui_appointment_background>div:nth-child(2) {padding: 10px;\n}\n.planity-gift-voucher-button-choose{background-color: #c9bb6a!important;\n\t}\n\/*gift voucher title*\/\n#planitywl>div:nth-child(2)>div:nth-child(2)>div>div>div>div>h2 {color: #020202!important;\n}\n\/*shop container*\/\n#planitywl>div:nth-child(2)>div:nth-child(2)>div>div>div>h2 {color: #020202!important;\n}\n#planitywl>div:nth-child(2)>div:nth-child(2)>div>div>div:nth-child(2)>span {color: #020202!important;\n}\n#planitywl .planity_bookappointment-button-choose {background-color: #c9bb6a;\n}\n<\/style>\n<script>\nvar container = document.getElementById('myContainerId');\nwindow.planity = {key: '-MVqXygHmOhRluHx2b2o',\n    primaryColor: '#fff',\n    container : container,\n    options: {serviceSetsWhitelist: [\"-NY1JuDks_R8xU-MCWPj\",\"-MtMV_sfYBIHGIHjHWyW\",\"-N_dymuR9oT0lCM2BOCq\"],\n    }\n};\n<\/script>\n<script src=\"https:\/\/d2skjte8udjqxw.cloudfront.net\/widget\/production\/2\/polyfills.latest.js\"><\/script>\n<script src=\"https:\/\/d2skjte8udjqxw.cloudfront.net\/widget\/production\/2\/app.latest.js\"><\/script>\n                \t\t\t\t<\/div>\n\t\t\t\t<\/div>\n\t\t\t\t<div class=\"elementor-element elementor-element-fa15e64 elementor-widget__width-initial elementor-widget elementor-widget-text-editor\" data-id=\"fa15e64\" data-element_type=\"widget\" data-e-type=\"widget\" data-widget_type=\"text-editor.default\">\n\t\t\t\t<div class=\"elementor-widget-container\">\n\t\t\t\t\t\t\t\t\t<p>\u00a0<\/p><p>Pour les\u00a0<strong>Cours collectifs,\u00a0<\/strong>\u00a0r\u00e9servez directement votre s\u00e9ance sur le planning disponible sur votre application Gymlib, sur la page &#8220;Effiscience Cours collectifs&#8221; .<\/p><p>\u00a0<\/p>\t\t\t\t\t\t\t\t<\/div>\n\t\t\t\t<\/div>\n\t\t\t\t<div class=\"elementor-element elementor-element-dd63aa3 elementor-widget elementor-widget-text-editor\" data-id=\"dd63aa3\" data-element_type=\"widget\" data-e-type=\"widget\" data-widget_type=\"text-editor.default\">\n\t\t\t\t<div class=\"elementor-widget-container\">\n\t\t\t\t\t\t\t\t\t<p style=\"margin-bottom: 6px; font-family: Montserrat, sans-serif;\">Pour la\u00a0<strong>Cryoth\u00e9rapie Corps Entier,\u00a0<\/strong>\u00a0r\u00e9servez directement votre s\u00e9ance sur le planning disponible sur votre application Gymlib, sur la page &#8220;Effiscience Cryoth\u00e9rapie Corps Entier&#8221; .<\/p><p style=\"margin-bottom: 6px; font-family: Montserrat, sans-serif;\">\u00a0<\/p>\t\t\t\t\t\t\t\t<\/div>\n\t\t\t\t<\/div>\n\t\t\t\t<div class=\"elementor-element elementor-element-bc69b48 elementor-widget elementor-widget-text-editor\" data-id=\"bc69b48\" data-element_type=\"widget\" data-e-type=\"widget\" data-widget_type=\"text-editor.default\">\n\t\t\t\t<div class=\"elementor-widget-container\">\n\t\t\t\t\t\t\t\t\t<p style=\"margin-bottom: 6px; font-family: Montserrat, sans-serif;\">Pour<b>\u00a0les Massages, Soins et Coaching priv\u00e9s,<\/b>\u00a0vous devez r\u00e9server pr\u00e9alablement votre s\u00e9ance sur votre application Planity, ou dans les rubriques ci-dessous, puis envoyer une demande de<b>\u00a095 pulses<\/b>\u00a0sur l&#8217;application Gymlib, dans l&#8217;entit\u00e9\u00a0<b>&#8220;<\/b>EffiScience Massages et Coaching&#8221;.<\/p><p style=\"margin-bottom: 6px; font-family: Montserrat, sans-serif;\">Merci de bien g\u00e9n\u00e9rer une demande Gymlib en parall\u00e8le de votre r\u00e9servation Planity, au m\u00eame jour et \u00e0 l&#8217;heure que vous avez choisi, sans quoi votre r\u00e9servation Planity pourra \u00eatre annul\u00e9e.<\/p>\t\t\t\t\t\t\t\t<\/div>\n\t\t\t\t<\/div>\n\t\t\t\t<div class=\"elementor-element elementor-element-0f4fe26 elementor-widget elementor-widget-spacer\" data-id=\"0f4fe26\" data-element_type=\"widget\" data-e-type=\"widget\" data-widget_type=\"spacer.default\">\n\t\t\t\t<div class=\"elementor-widget-container\">\n\t\t\t\t\t\t\t<div class=\"elementor-spacer\">\n\t\t\t<div class=\"elementor-spacer-inner\"><\/div>\n\t\t<\/div>\n\t\t\t\t\t\t<\/div>\n\t\t\t\t<\/div>\n\t\t\t\t\t<\/div>\n\t\t<\/div>\n\t\t\t\t\t<\/div>\n\t\t<\/section>\n\t\t\t\t<section class=\"elementor-section elementor-top-section elementor-element elementor-element-b1eac14 elementor-section-boxed elementor-section-height-default elementor-section-height-default\" data-id=\"b1eac14\" data-element_type=\"section\" data-e-type=\"section\">\n\t\t\t\t\t\t<div class=\"elementor-container elementor-column-gap-default\">\n\t\t\t\t\t<div class=\"elementor-column elementor-col-100 elementor-top-column elementor-element elementor-element-e7117d2\" data-id=\"e7117d2\" data-element_type=\"column\" data-e-type=\"column\">\n\t\t\t<div class=\"elementor-widget-wrap\">\n\t\t\t\t\t\t\t<\/div>\n\t\t<\/div>\n\t\t\t\t\t<\/div>\n\t\t<\/section>\n\t\t\t\t<\/div>\n\t\t","protected":false},"excerpt":{"rendered":"<p>Abonn\u00e9\/es GYMLIBVous utilisez la plateforme GYMLIB et vous souhaitez prendre rendez-vous dans notre centre. \u00a0 Pour les\u00a0Cours collectifs,\u00a0\u00a0r\u00e9servez directement votre s\u00e9ance sur le planning disponible sur votre application Gymlib, sur la page &#8220;Effiscience Cours collectifs&#8221; . \u00a0 Pour la\u00a0Cryoth\u00e9rapie Corps Entier,\u00a0\u00a0r\u00e9servez directement votre s\u00e9ance sur le planning disponible sur votre [&hellip;]<\/p>\n","protected":false},"author":1,"featured_media":0,"parent":0,"menu_order":0,"comment_status":"closed","ping_status":"closed","template":"","meta":{"inspiro_page_layout":"narrow","inspiro_hide_title":false,"footnotes":""},"class_list":["post-36428","page","type-page","status-publish","hentry"],"yoast_head":"<!-- This site is optimized with the Yoast SEO plugin v27.5 - https:\/\/yoast.com\/product\/yoast-seo-wordpress\/ -->\n<title>GYMLIB - EffiScience Paris<\/title>\n<meta name=\"description\" content=\"Vous \u00eates membre GYMLIB et vous souhaitez prendre rendez-vous. Choisissez le jour et l&#039;horaire qui vous convient.\" \/>\n<meta name=\"robots\" content=\"index, follow, max-snippet:-1, max-image-preview:large, max-video-preview:-1\" \/>\n<link rel=\"canonical\" href=\"https:\/\/www.effiscience.paris\/index.php\/gymlib\/\" \/>\n<meta property=\"og:locale\" content=\"fr_FR\" \/>\n<meta property=\"og:type\" content=\"article\" \/>\n<meta property=\"og:title\" content=\"GYMLIB - EffiScience Paris\" \/>\n<meta property=\"og:description\" content=\"Vous \u00eates membre GYMLIB et vous souhaitez prendre rendez-vous. Choisissez le jour et l&#039;horaire qui vous convient.\" \/>\n<meta property=\"og:url\" content=\"https:\/\/www.effiscience.paris\/index.php\/gymlib\/\" \/>\n<meta property=\"og:site_name\" content=\"EffiScience Paris\" \/>\n<meta property=\"article:modified_time\" content=\"2025-04-23T08:12:14+00:00\" \/>\n<meta name=\"twitter:card\" content=\"summary_large_image\" \/>\n<meta name=\"twitter:label1\" content=\"Dur\u00e9e de lecture estim\u00e9e\" \/>\n\t<meta name=\"twitter:data1\" content=\"1 minute\" \/>\n<script type=\"application\/ld+json\" class=\"yoast-schema-graph\">{\"@context\":\"https:\\\/\\\/schema.org\",\"@graph\":[{\"@type\":\"WebPage\",\"@id\":\"https:\\\/\\\/www.effiscience.paris\\\/index.php\\\/gymlib\\\/\",\"url\":\"https:\\\/\\\/www.effiscience.paris\\\/index.php\\\/gymlib\\\/\",\"name\":\"GYMLIB - EffiScience Paris\",\"isPartOf\":{\"@id\":\"https:\\\/\\\/www.effiscience.paris\\\/#website\"},\"datePublished\":\"2025-04-04T11:40:45+00:00\",\"dateModified\":\"2025-04-23T08:12:14+00:00\",\"description\":\"Vous \u00eates membre GYMLIB et vous souhaitez prendre rendez-vous. Choisissez le jour et l'horaire qui vous convient.\",\"breadcrumb\":{\"@id\":\"https:\\\/\\\/www.effiscience.paris\\\/index.php\\\/gymlib\\\/#breadcrumb\"},\"inLanguage\":\"fr-FR\",\"potentialAction\":[{\"@type\":\"ReadAction\",\"target\":[\"https:\\\/\\\/www.effiscience.paris\\\/index.php\\\/gymlib\\\/\"]}]},{\"@type\":\"BreadcrumbList\",\"@id\":\"https:\\\/\\\/www.effiscience.paris\\\/index.php\\\/gymlib\\\/#breadcrumb\",\"itemListElement\":[{\"@type\":\"ListItem\",\"position\":1,\"name\":\"Accueil\",\"item\":\"https:\\\/\\\/www.effiscience.paris\\\/\"},{\"@type\":\"ListItem\",\"position\":2,\"name\":\"GYMLIB\"}]},{\"@type\":\"WebSite\",\"@id\":\"https:\\\/\\\/www.effiscience.paris\\\/#website\",\"url\":\"https:\\\/\\\/www.effiscience.paris\\\/\",\"name\":\"EffiScience Paris\",\"description\":\"Sport, beaut\u00e9, bien-\u00eatre, Un seul lieu pour prendre soin de vous\",\"potentialAction\":[{\"@type\":\"SearchAction\",\"target\":{\"@type\":\"EntryPoint\",\"urlTemplate\":\"https:\\\/\\\/www.effiscience.paris\\\/?s={search_term_string}\"},\"query-input\":{\"@type\":\"PropertyValueSpecification\",\"valueRequired\":true,\"valueName\":\"search_term_string\"}}],\"inLanguage\":\"fr-FR\"}]}<\/script>\n<!-- \/ Yoast SEO plugin. -->","yoast_head_json":{"title":"GYMLIB - EffiScience Paris","description":"Vous \u00eates membre GYMLIB et vous souhaitez prendre rendez-vous. Choisissez le jour et l'horaire qui vous convient.","robots":{"index":"index","follow":"follow","max-snippet":"max-snippet:-1","max-image-preview":"max-image-preview:large","max-video-preview":"max-video-preview:-1"},"canonical":"https:\/\/www.effiscience.paris\/index.php\/gymlib\/","og_locale":"fr_FR","og_type":"article","og_title":"GYMLIB - EffiScience Paris","og_description":"Vous \u00eates membre GYMLIB et vous souhaitez prendre rendez-vous. Choisissez le jour et l'horaire qui vous convient.","og_url":"https:\/\/www.effiscience.paris\/index.php\/gymlib\/","og_site_name":"EffiScience Paris","article_modified_time":"2025-04-23T08:12:14+00:00","twitter_card":"summary_large_image","twitter_misc":{"Dur\u00e9e de lecture estim\u00e9e":"1 minute"},"schema":{"@context":"https:\/\/schema.org","@graph":[{"@type":"WebPage","@id":"https:\/\/www.effiscience.paris\/index.php\/gymlib\/","url":"https:\/\/www.effiscience.paris\/index.php\/gymlib\/","name":"GYMLIB - EffiScience Paris","isPartOf":{"@id":"https:\/\/www.effiscience.paris\/#website"},"datePublished":"2025-04-04T11:40:45+00:00","dateModified":"2025-04-23T08:12:14+00:00","description":"Vous \u00eates membre GYMLIB et vous souhaitez prendre rendez-vous. Choisissez le jour et l'horaire qui vous convient.","breadcrumb":{"@id":"https:\/\/www.effiscience.paris\/index.php\/gymlib\/#breadcrumb"},"inLanguage":"fr-FR","potentialAction":[{"@type":"ReadAction","target":["https:\/\/www.effiscience.paris\/index.php\/gymlib\/"]}]},{"@type":"BreadcrumbList","@id":"https:\/\/www.effiscience.paris\/index.php\/gymlib\/#breadcrumb","itemListElement":[{"@type":"ListItem","position":1,"name":"Accueil","item":"https:\/\/www.effiscience.paris\/"},{"@type":"ListItem","position":2,"name":"GYMLIB"}]},{"@type":"WebSite","@id":"https:\/\/www.effiscience.paris\/#website","url":"https:\/\/www.effiscience.paris\/","name":"EffiScience Paris","description":"Sport, beaut\u00e9, bien-\u00eatre, Un seul lieu pour prendre soin de vous","potentialAction":[{"@type":"SearchAction","target":{"@type":"EntryPoint","urlTemplate":"https:\/\/www.effiscience.paris\/?s={search_term_string}"},"query-input":{"@type":"PropertyValueSpecification","valueRequired":true,"valueName":"search_term_string"}}],"inLanguage":"fr-FR"}]}},"jetpack_sharing_enabled":true,"_links":{"self":[{"href":"https:\/\/www.effiscience.paris\/index.php\/wp-json\/wp\/v2\/pages\/36428","targetHints":{"allow":["GET"]}}],"collection":[{"href":"https:\/\/www.effiscience.paris\/index.php\/wp-json\/wp\/v2\/pages"}],"about":[{"href":"https:\/\/www.effiscience.paris\/index.php\/wp-json\/wp\/v2\/types\/page"}],"author":[{"embeddable":true,"href":"https:\/\/www.effiscience.paris\/index.php\/wp-json\/wp\/v2\/users\/1"}],"replies":[{"embeddable":true,"href":"https:\/\/www.effiscience.paris\/index.php\/wp-json\/wp\/v2\/comments?post=36428"}],"version-history":[{"count":30,"href":"https:\/\/www.effiscience.paris\/index.php\/wp-json\/wp\/v2\/pages\/36428\/revisions"}],"predecessor-version":[{"id":42071,"href":"https:\/\/www.effiscience.paris\/index.php\/wp-json\/wp\/v2\/pages\/36428\/revisions\/42071"}],"wp:attachment":[{"href":"https:\/\/www.effiscience.paris\/index.php\/wp-json\/wp\/v2\/media?parent=36428"}],"curies":[{"name":"wp","href":"https:\/\/api.w.org\/{rel}","templated":true}]}}