{"id":4107,"date":"2022-09-18T18:06:13","date_gmt":"2022-09-18T16:06:13","guid":{"rendered":"https:\/\/www.effiscience.paris\/?page_id=4107"},"modified":"2022-09-18T22:06:50","modified_gmt":"2022-09-18T20:06:50","slug":"tarifs-detailles","status":"publish","type":"page","link":"https:\/\/www.effiscience.paris\/index.php\/tarifs-detailles\/","title":{"rendered":"Tarifs D\u00e9taill\u00e9s"},"content":{"rendered":"\t\t<div data-elementor-type=\"wp-page\" data-elementor-id=\"4107\" class=\"elementor elementor-4107\" data-elementor-post-type=\"page\">\n\t\t\t\t\t\t<section class=\"elementor-section elementor-top-section elementor-element elementor-element-80a075a elementor-section-boxed elementor-section-height-default elementor-section-height-default\" data-id=\"80a075a\" data-element_type=\"section\" data-e-type=\"section\">\n\t\t\t\t\t\t<div class=\"elementor-container elementor-column-gap-default\">\n\t\t\t\t\t<div class=\"elementor-column elementor-col-100 elementor-top-column elementor-element elementor-element-e3daa72\" data-id=\"e3daa72\" data-element_type=\"column\" data-e-type=\"column\">\n\t\t\t<div class=\"elementor-widget-wrap elementor-element-populated\">\n\t\t\t\t\t\t<div class=\"elementor-element elementor-element-85d684d elementor-widget elementor-widget-spacer\" data-id=\"85d684d\" data-element_type=\"widget\" data-e-type=\"widget\" data-widget_type=\"spacer.default\">\n\t\t\t\t<div class=\"elementor-widget-container\">\n\t\t\t\t\t\t\t<div class=\"elementor-spacer\">\n\t\t\t<div class=\"elementor-spacer-inner\"><\/div>\n\t\t<\/div>\n\t\t\t\t\t\t<\/div>\n\t\t\t\t<\/div>\n\t\t\t\t<div class=\"elementor-element elementor-element-9c3e8e2 elementor-widget elementor-widget-spacer\" data-id=\"9c3e8e2\" data-element_type=\"widget\" data-e-type=\"widget\" data-widget_type=\"spacer.default\">\n\t\t\t\t<div class=\"elementor-widget-container\">\n\t\t\t\t\t\t\t<div class=\"elementor-spacer\">\n\t\t\t<div class=\"elementor-spacer-inner\"><\/div>\n\t\t<\/div>\n\t\t\t\t\t\t<\/div>\n\t\t\t\t<\/div>\n\t\t\t\t<div class=\"elementor-element elementor-element-9df37b5 elementor-widget elementor-widget-heading\" data-id=\"9df37b5\" data-element_type=\"widget\" data-e-type=\"widget\" data-widget_type=\"heading.default\">\n\t\t\t\t<div class=\"elementor-widget-container\">\n\t\t\t\t\t<h2 class=\"elementor-heading-title elementor-size-default\">Carte compl\u00e8te des soins<\/h2>\t\t\t\t<\/div>\n\t\t\t\t<\/div>\n\t\t\t\t<div class=\"elementor-element elementor-element-fdc9ab7 elementor-widget elementor-widget-heading\" data-id=\"fdc9ab7\" data-element_type=\"widget\" data-e-type=\"widget\" data-widget_type=\"heading.default\">\n\t\t\t\t<div class=\"elementor-widget-container\">\n\t\t\t\t\t<h2 class=\"elementor-heading-title elementor-size-default\">Les soins visages<\/h2>\t\t\t\t<\/div>\n\t\t\t\t<\/div>\n\t\t\t\t<div class=\"elementor-element elementor-element-ff806a3 elementor-widget elementor-widget-heading\" data-id=\"ff806a3\" data-element_type=\"widget\" data-e-type=\"widget\" data-widget_type=\"heading.default\">\n\t\t\t\t<div class=\"elementor-widget-container\">\n\t\t\t\t\t<h3 class=\"elementor-heading-title elementor-size-default\">Pour peaux jeunes...<\/h3>\t\t\t\t<\/div>\n\t\t\t\t<\/div>\n\t\t\t\t<div class=\"elementor-element elementor-element-c144374 elementor-widget elementor-widget-price-list\" data-id=\"c144374\" data-element_type=\"widget\" data-e-type=\"widget\" data-widget_type=\"price-list.default\">\n\t\t\t\t<div class=\"elementor-widget-container\">\n\t\t\t\t\t\n\t\t<ul class=\"elementor-price-list\">\n\n\t\t\t\t\t\t\t\t\t<li><a class=\"elementor-price-list-item\" href=\"https:\/\/www.effiscience.paris\/index.php\/soin-thalgo-purifiant-purete-marine\/?preview_id=4114&#038;preview_nonce=030ef99676\" target=\"_blank\" soin=\"boutons\">\t\t\t\t\n\t\t\t\t<div class=\"elementor-price-list-text\">\n\t\t\t\t\t\t\t\t\t<div class=\"elementor-price-list-header\">\n\t\t\t\t\t\t\t\t\t\t\t<span class=\"elementor-price-list-title\">\n\t\t\t\t\t\t\tSoin Thalgo - Purifiant - Puret\u00e9 Marine - 60'\t\t\t\t\t\t<\/span>\n\t\t\t\t\t\t\t\t\t\t\t\t\t\t\t\t\t\t<span class=\"elementor-price-list-separator\"><\/span>\n\t\t\t\t\t\t\t\t\t\t\t\t\t\t\t\t\t\t\t<span class=\"elementor-price-list-price\">100\u20ac  \/  80\u20ac*<\/span>\n\t\t\t\t\t\t\t\t\t\t<\/div>\n\t\t\t\t\t\t\t\t\t\t\t\t\t\t\t<p class=\"elementor-price-list-description\">\n\t\t\t\t\t\t\tDites stop aux brillances ! Votre peau est purifi\u00e9e et instantan\u00e9ment plus nette gr\u00e2ce au duo d'algues mill\u00e9naires r\u00e9gulatrices.\n\nPour qui ?\nToutes les personnes ayant la peau mixte \u00e0 grasse, pr\u00e9sentant des pores dilat\u00e9s, des brillances ou imperfections.\n\t\t\t\t\t\t<\/p>\n\t\t\t\t\t\t\t\t<\/div>\n\t\t\t\t<\/a><\/li>\t\t\t\t\t\t\t\t\t\t\t\t<li><a class=\"elementor-price-list-item\" href=\"#\">\t\t\t\t\n\t\t\t\t<div class=\"elementor-price-list-text\">\n\t\t\t\t\t\t\t\t\t<div class=\"elementor-price-list-header\">\n\t\t\t\t\t\t\t\t\t\t\t<span class=\"elementor-price-list-title\">\n\t\t\t\t\t\t\tSoin peaux jeunes sur mesure - 45'\t\t\t\t\t\t<\/span>\n\t\t\t\t\t\t\t\t\t\t\t\t\t\t\t\t\t\t<span class=\"elementor-price-list-separator\"><\/span>\n\t\t\t\t\t\t\t\t\t\t\t\t\t\t\t\t\t\t\t<span class=\"elementor-price-list-price\">90\u20ac  \/  72\u20ac*<\/span>\n\t\t\t\t\t\t\t\t\t\t<\/div>\n\t\t\t\t\t\t\t\t\t\t\t\t\t\t\t<p class=\"elementor-price-list-description\">\n\t\t\t\t\t\t\tSoin nettoyant et purifiant r\u00e9alis\u00e9s avec les produits bio Avril: extraction des com\u00e9dons \u00e0 la spatule \u00e0 ultrason, soin haute fr\u00e9quence traitant pour les boutons, masque apaisant et purifient pour une peau matifi\u00e9e.\t\t\t\t\t\t<\/p>\n\t\t\t\t\t\t\t\t<\/div>\n\t\t\t\t<\/a><\/li>\t\t\t\t\t\t\t\t\t\t\t\t<li><a class=\"elementor-price-list-item\" href=\"#\">\t\t\t\t\n\t\t\t\t<div class=\"elementor-price-list-text\">\n\t\t\t\t\t\t\t\t\t<div class=\"elementor-price-list-header\">\n\t\t\t\t\t\t\t\t\t\t\t<span class=\"elementor-price-list-title\">\n\t\t\t\t\t\t\tHydroFacial - le soin express - 45'\t\t\t\t\t\t<\/span>\n\t\t\t\t\t\t\t\t\t\t\t\t\t\t\t\t\t\t<span class=\"elementor-price-list-separator\"><\/span>\n\t\t\t\t\t\t\t\t\t\t\t\t\t\t\t\t\t\t\t<span class=\"elementor-price-list-price\">90\u20ac  \/  72\u20ac<\/span>\n\t\t\t\t\t\t\t\t\t\t<\/div>\n\t\t\t\t\t\t\t\t\t\t\t\t\t\t\t<p class=\"elementor-price-list-description\">\n\t\t\t\t\t\t\tL'hydrafacial est l'association d'un nettoyage purifiant, d'une exfoliation\u00a0douce, d'une hydratation intense et d'un modelage profond.\u00a0Grain de peau liss\u00e9, pores r\u00e9duits, ridules et imperfections att\u00e9nu\u00e9es, l'hydrofacial est un alli\u00e9 de choix pour une peau pleine de sant\u00e9.\t\t\t\t\t\t<\/p>\n\t\t\t\t\t\t\t\t<\/div>\n\t\t\t\t<\/a><\/li>\t\t\t\t\t\n\t\t<\/ul>\n\n\t\t\t\t\t\t<\/div>\n\t\t\t\t<\/div>\n\t\t\t\t<div class=\"elementor-element elementor-element-0a69236 elementor-widget elementor-widget-heading\" data-id=\"0a69236\" data-element_type=\"widget\" data-e-type=\"widget\" data-widget_type=\"heading.default\">\n\t\t\t\t<div class=\"elementor-widget-container\">\n\t\t\t\t\t<h3 class=\"elementor-heading-title elementor-size-default\">Pour peaux satur\u00e9es...<\/h3>\t\t\t\t<\/div>\n\t\t\t\t<\/div>\n\t\t\t\t<div class=\"elementor-element elementor-element-7f292d8 elementor-widget elementor-widget-price-list\" data-id=\"7f292d8\" data-element_type=\"widget\" data-e-type=\"widget\" data-widget_type=\"price-list.default\">\n\t\t\t\t<div class=\"elementor-widget-container\">\n\t\t\t\t\t\n\t\t<ul class=\"elementor-price-list\">\n\n\t\t\t\t\t\t\t\t\t<li class=\"elementor-price-list-item\">\t\t\t\t\n\t\t\t\t<div class=\"elementor-price-list-text\">\n\t\t\t\t\t\t\t\t\t<div class=\"elementor-price-list-header\">\n\t\t\t\t\t\t\t\t\t\t\t<span class=\"elementor-price-list-title\">\n\t\t\t\t\t\t\tSoin homme - Puret\u00e9 et Energie - 60'\t\t\t\t\t\t<\/span>\n\t\t\t\t\t\t\t\t\t\t\t\t\t\t\t\t\t\t<span class=\"elementor-price-list-separator\"><\/span>\n\t\t\t\t\t\t\t\t\t\t\t\t\t\t\t\t\t\t\t<span class=\"elementor-price-list-price\">120\u20ac  \/  96\u20ac*<\/span>\n\t\t\t\t\t\t\t\t\t\t<\/div>\n\t\t\t\t\t\t\t\t\t\t\t\t\t\t\t<p class=\"elementor-price-list-description\">\n\t\t\t\t\t\t\tLes peaux masculines, g\u00e9n\u00e9ralement plus \u00e9paisses, n\u00e9cessitent des soins sp\u00e9cifique: dermabrasion diamant pour exfolier en profondeur, spatule ultrason pour nettoyer, masque apaisant et LED pour r\u00e9\u00e9quilibrer.\t\t\t\t\t\t<\/p>\n\t\t\t\t\t\t\t\t<\/div>\n\t\t\t\t<\/li>\t\t\t\t\t\t\t\t\t\t\t\t<li><a class=\"elementor-price-list-item\" href=\"#\">\t\t\t\t\n\t\t\t\t<div class=\"elementor-price-list-text\">\n\t\t\t\t\t\t\t\t\t<div class=\"elementor-price-list-header\">\n\t\t\t\t\t\t\t\t\t\t\t<span class=\"elementor-price-list-title\">\n\t\t\t\t\t\t\tSoin OxyDerm - le soin absolu - 45'\t\t\t\t\t\t<\/span>\n\t\t\t\t\t\t\t\t\t\t\t\t\t\t\t\t\t\t<span class=\"elementor-price-list-separator\"><\/span>\n\t\t\t\t\t\t\t\t\t\t\t\t\t\t\t\t\t\t\t<span class=\"elementor-price-list-price\">120\u20ac  \/  96\u20ac*<\/span>\n\t\t\t\t\t\t\t\t\t\t<\/div>\n\t\t\t\t\t\t\t\t\t\t\t\t\t\t\t<p class=\"elementor-price-list-description\">\n\t\t\t\t\t\t\tSynergie unique de la dermabrasion, de l'oxyg\u00e8ne et de la barophor\u00e8se pour exfolier, drainer et hydrater la peau en profondeur: pores resserr\u00e9s, ridules estomp\u00e9e et traits repulp\u00e9s.\t\t\t\t\t\t<\/p>\n\t\t\t\t\t\t\t\t<\/div>\n\t\t\t\t<\/a><\/li>\t\t\t\t\t\n\t\t<\/ul>\n\n\t\t\t\t\t\t<\/div>\n\t\t\t\t<\/div>\n\t\t\t\t<div class=\"elementor-element elementor-element-d81f4a8 elementor-widget elementor-widget-heading\" data-id=\"d81f4a8\" data-element_type=\"widget\" data-e-type=\"widget\" data-widget_type=\"heading.default\">\n\t\t\t\t<div class=\"elementor-widget-container\">\n\t\t\t\t\t<h3 class=\"elementor-heading-title elementor-size-default\">Pour peaux stress\u00e9es...<\/h3>\t\t\t\t<\/div>\n\t\t\t\t<\/div>\n\t\t\t\t<div class=\"elementor-element elementor-element-c3a1884 elementor-widget elementor-widget-price-list\" data-id=\"c3a1884\" data-element_type=\"widget\" data-e-type=\"widget\" data-widget_type=\"price-list.default\">\n\t\t\t\t<div class=\"elementor-widget-container\">\n\t\t\t\t\t\n\t\t<ul class=\"elementor-price-list\">\n\n\t\t\t\t\t\t\t\t\t<li class=\"elementor-price-list-item\">\t\t\t\t\n\t\t\t\t<div class=\"elementor-price-list-text\">\n\t\t\t\t\t\t\t\t\t<div class=\"elementor-price-list-header\">\n\t\t\t\t\t\t\t\t\t\t\t<span class=\"elementor-price-list-title\">\n\t\t\t\t\t\t\tSoin Thalgo - Lissant et D\u00e9toxifiant - Spiruline Boost - 60'\t\t\t\t\t\t<\/span>\n\t\t\t\t\t\t\t\t\t\t\t\t\t\t\t\t\t\t<span class=\"elementor-price-list-separator\"><\/span>\n\t\t\t\t\t\t\t\t\t\t\t\t\t\t\t\t\t\t\t<span class=\"elementor-price-list-price\">120\u20ac  \/  96\u20ac*<\/span>\n\t\t\t\t\t\t\t\t\t\t<\/div>\n\t\t\t\t\t\t\t\t\t\t\t\t\t\t\t<p class=\"elementor-price-list-description\">\n\t\t\t\t\t\t\tSoin d\u00e9toxifiant pour les peaux citadines, enrichi en Spiruline et boost\u00e9 en magn\u00e9sium marin pour d\u00e9fatiguer les traits, retrouver un teint frais et lisser la peau.\n\nPour qui ?\nToute personne \u00e0 la recherche d'un soin anti-\u00e2ge, qui pr\u00e9sente une peau fatigu\u00e9e, en manque d'\u00e9clat ainsi que des 1\u00e8res rides naissantes.\n\t\t\t\t\t\t<\/p>\n\t\t\t\t\t\t\t\t<\/div>\n\t\t\t\t<\/li>\t\t\t\t\t\t\t\t\t\t\t\t<li><a class=\"elementor-price-list-item\" href=\"#\">\t\t\t\t\n\t\t\t\t<div class=\"elementor-price-list-text\">\n\t\t\t\t\t\t\t\t\t<div class=\"elementor-price-list-header\">\n\t\t\t\t\t\t\t\t\t\t\t<span class=\"elementor-price-list-title\">\n\t\t\t\t\t\t\tSoin Vital EffiScience - Relaxant - 60'\t\t\t\t\t\t<\/span>\n\t\t\t\t\t\t\t\t\t\t\t\t\t\t\t\t\t\t<span class=\"elementor-price-list-separator\"><\/span>\n\t\t\t\t\t\t\t\t\t\t\t\t\t\t\t\t\t\t\t<span class=\"elementor-price-list-price\">120\u20ac  \/  96\u20ac*<\/span>\n\t\t\t\t\t\t\t\t\t\t<\/div>\n\t\t\t\t\t\t\t\t\t\t\t\t\t\t\t<p class=\"elementor-price-list-description\">\n\t\t\t\t\t\t\tEntre soin beaut\u00e9 et modelage bien-\u00eatre, le soin Vital EffiScience vient r\u00e9-\u00e9nergiser l'\u00e9piderme en profondeur et d\u00e9tendre les muscles faciaux pour une coup d'\u00e9clat et une d\u00e9tente imm\u00e9diate.\u00a0Les manoeuvres douces viennent stimuler les points d'acuponcture et activer le drainage. Relanc\u00e9es, les fonctions vitales naturelles de la peau sont relanc\u00e9es\u00a0pour un effet relaxant, d\u00e9toxifiant et lissant.\t\t\t\t\t\t<\/p>\n\t\t\t\t\t\t\t\t<\/div>\n\t\t\t\t<\/a><\/li>\t\t\t\t\t\n\t\t<\/ul>\n\n\t\t\t\t\t\t<\/div>\n\t\t\t\t<\/div>\n\t\t\t\t<div class=\"elementor-element elementor-element-0b5a4fe elementor-widget elementor-widget-heading\" data-id=\"0b5a4fe\" data-element_type=\"widget\" data-e-type=\"widget\" data-widget_type=\"heading.default\">\n\t\t\t\t<div class=\"elementor-widget-container\">\n\t\t\t\t\t<h3 class=\"elementor-heading-title elementor-size-default\">Pour peaux matures...<\/h3>\t\t\t\t<\/div>\n\t\t\t\t<\/div>\n\t\t\t\t<div class=\"elementor-element elementor-element-980e5a7 elementor-widget elementor-widget-price-list\" data-id=\"980e5a7\" data-element_type=\"widget\" data-e-type=\"widget\" data-widget_type=\"price-list.default\">\n\t\t\t\t<div class=\"elementor-widget-container\">\n\t\t\t\t\t\n\t\t<ul class=\"elementor-price-list\">\n\n\t\t\t\t\t\t\t\t\t<li><a class=\"elementor-price-list-item\" href=\"#\">\t\t\t\t\n\t\t\t\t<div class=\"elementor-price-list-text\">\n\t\t\t\t\t\t\t\t\t<div class=\"elementor-price-list-header\">\n\t\t\t\t\t\t\t\t\t\t\t<span class=\"elementor-price-list-title\">\n\t\t\t\t\t\t\tSoin Thalgo - Combleur - Hyalu-Procollag\u00e8ne - 60'\t\t\t\t\t\t<\/span>\n\t\t\t\t\t\t\t\t\t\t\t\t\t\t\t\t\t\t<span class=\"elementor-price-list-separator\"><\/span>\n\t\t\t\t\t\t\t\t\t\t\t\t\t\t\t\t\t\t\t<span class=\"elementor-price-list-price\">120\u20ac  \/  96\u20ac*<\/span>\n\t\t\t\t\t\t\t\t\t\t<\/div>\n\t\t\t\t\t\t\t\t\t\t\t\t\t\t\t<p class=\"elementor-price-list-description\">\n\t\t\t\t\t\t\tSoin ride \u00e0 ride associant acides hyaluroniques & pro-collag\u00e8ne marin aux Rollers Boosters, pour une efficacit\u00e9 visible, d\u00e8s le 1er soin. Instantan\u00e9ment, le visage para\u00eet plus jeune, comme d\u00e9crisp\u00e9 et les rides m\u00eame install\u00e9es semblent liss\u00e9es.\n\nPour qui ?\nCelles et ceux qui souhaitent cibler sp\u00e9cifiquement la probl\u00e9matique des rides.\n\t\t\t\t\t\t<\/p>\n\t\t\t\t\t\t\t\t<\/div>\n\t\t\t\t<\/a><\/li>\t\t\t\t\t\t\t\t\t\t\t\t<li><a class=\"elementor-price-list-item\" href=\"#\">\t\t\t\t\n\t\t\t\t<div class=\"elementor-price-list-text\">\n\t\t\t\t\t\t\t\t\t<div class=\"elementor-price-list-header\">\n\t\t\t\t\t\t\t\t\t\t\t<span class=\"elementor-price-list-title\">\n\t\t\t\t\t\t\tSoin radiofr\u00e9quence - 45'\t\t\t\t\t\t<\/span>\n\t\t\t\t\t\t\t\t\t\t\t\t\t\t\t\t\t\t<span class=\"elementor-price-list-separator\"><\/span>\n\t\t\t\t\t\t\t\t\t\t\t\t\t\t\t\t<\/div>\n\t\t\t\t\t\t\t\t\t\t\t\t<\/div>\n\t\t\t\t<\/a><\/li>\t\t\t\t\t\n\t\t<\/ul>\n\n\t\t\t\t\t\t<\/div>\n\t\t\t\t<\/div>\n\t\t\t\t\t<\/div>\n\t\t<\/div>\n\t\t\t\t\t<\/div>\n\t\t<\/section>\n\t\t\t\t<\/div>\n\t\t","protected":false},"excerpt":{"rendered":"<p>Carte compl\u00e8te des soins Les soins visages Pour peaux jeunes&#8230; Soin Thalgo &#8211; Purifiant &#8211; Puret\u00e9 Marine &#8211; 60&#8242; 100\u20ac \/ 80\u20ac* Dites stop aux brillances ! Votre peau est purifi\u00e9e et instantan\u00e9ment plus nette gr\u00e2ce au duo d&#8217;algues mill\u00e9naires r\u00e9gulatrices. Pour qui ? Toutes les personnes ayant la peau [&hellip;]<\/p>\n","protected":false},"author":1,"featured_media":0,"parent":0,"menu_order":0,"comment_status":"closed","ping_status":"closed","template":"elementor_header_footer","meta":{"inspiro_page_layout":"narrow","inspiro_hide_title":false,"footnotes":""},"class_list":["post-4107","page","type-page","status-publish","hentry"],"yoast_head":"<!-- This site is optimized with the Yoast SEO plugin v27.4 - https:\/\/yoast.com\/product\/yoast-seo-wordpress\/ -->\n<title>Tarifs D\u00e9taill\u00e9s - EffiScience Paris<\/title>\n<meta name=\"robots\" content=\"index, follow, max-snippet:-1, max-image-preview:large, max-video-preview:-1\" \/>\n<link rel=\"canonical\" href=\"https:\/\/www.effiscience.paris\/index.php\/tarifs-detailles\/\" \/>\n<meta property=\"og:locale\" content=\"fr_FR\" \/>\n<meta property=\"og:type\" content=\"article\" \/>\n<meta property=\"og:title\" content=\"Tarifs D\u00e9taill\u00e9s - EffiScience Paris\" \/>\n<meta property=\"og:description\" content=\"Carte compl\u00e8te des soins Les soins visages Pour peaux jeunes&#8230; Soin Thalgo &#8211; Purifiant &#8211; Puret\u00e9 Marine &#8211; 60&#8242; 100\u20ac \/ 80\u20ac* Dites stop aux brillances ! Votre peau est purifi\u00e9e et instantan\u00e9ment plus nette gr\u00e2ce au duo d&#8217;algues mill\u00e9naires r\u00e9gulatrices. Pour qui ? Toutes les personnes ayant la peau [&hellip;]\" \/>\n<meta property=\"og:url\" content=\"https:\/\/www.effiscience.paris\/index.php\/tarifs-detailles\/\" \/>\n<meta property=\"og:site_name\" content=\"EffiScience Paris\" \/>\n<meta property=\"article:modified_time\" content=\"2022-09-18T20:06:50+00:00\" \/>\n<meta name=\"twitter:card\" content=\"summary_large_image\" \/>\n<meta name=\"twitter:label1\" content=\"Dur\u00e9e de lecture estim\u00e9e\" \/>\n\t<meta name=\"twitter:data1\" content=\"2 minutes\" \/>\n<script type=\"application\/ld+json\" class=\"yoast-schema-graph\">{\"@context\":\"https:\\\/\\\/schema.org\",\"@graph\":[{\"@type\":\"WebPage\",\"@id\":\"https:\\\/\\\/www.effiscience.paris\\\/index.php\\\/tarifs-detailles\\\/\",\"url\":\"https:\\\/\\\/www.effiscience.paris\\\/index.php\\\/tarifs-detailles\\\/\",\"name\":\"Tarifs D\u00e9taill\u00e9s - EffiScience Paris\",\"isPartOf\":{\"@id\":\"https:\\\/\\\/www.effiscience.paris\\\/#website\"},\"datePublished\":\"2022-09-18T16:06:13+00:00\",\"dateModified\":\"2022-09-18T20:06:50+00:00\",\"breadcrumb\":{\"@id\":\"https:\\\/\\\/www.effiscience.paris\\\/index.php\\\/tarifs-detailles\\\/#breadcrumb\"},\"inLanguage\":\"fr-FR\",\"potentialAction\":[{\"@type\":\"ReadAction\",\"target\":[\"https:\\\/\\\/www.effiscience.paris\\\/index.php\\\/tarifs-detailles\\\/\"]}]},{\"@type\":\"BreadcrumbList\",\"@id\":\"https:\\\/\\\/www.effiscience.paris\\\/index.php\\\/tarifs-detailles\\\/#breadcrumb\",\"itemListElement\":[{\"@type\":\"ListItem\",\"position\":1,\"name\":\"Accueil\",\"item\":\"https:\\\/\\\/www.effiscience.paris\\\/\"},{\"@type\":\"ListItem\",\"position\":2,\"name\":\"Tarifs D\u00e9taill\u00e9s\"}]},{\"@type\":\"WebSite\",\"@id\":\"https:\\\/\\\/www.effiscience.paris\\\/#website\",\"url\":\"https:\\\/\\\/www.effiscience.paris\\\/\",\"name\":\"EffiScience Paris\",\"description\":\"Sport, beaut\u00e9, bien-\u00eatre, Un seul lieu pour prendre soin de vous\",\"potentialAction\":[{\"@type\":\"SearchAction\",\"target\":{\"@type\":\"EntryPoint\",\"urlTemplate\":\"https:\\\/\\\/www.effiscience.paris\\\/?s={search_term_string}\"},\"query-input\":{\"@type\":\"PropertyValueSpecification\",\"valueRequired\":true,\"valueName\":\"search_term_string\"}}],\"inLanguage\":\"fr-FR\"}]}<\/script>\n<!-- \/ Yoast SEO plugin. -->","yoast_head_json":{"title":"Tarifs D\u00e9taill\u00e9s - EffiScience Paris","robots":{"index":"index","follow":"follow","max-snippet":"max-snippet:-1","max-image-preview":"max-image-preview:large","max-video-preview":"max-video-preview:-1"},"canonical":"https:\/\/www.effiscience.paris\/index.php\/tarifs-detailles\/","og_locale":"fr_FR","og_type":"article","og_title":"Tarifs D\u00e9taill\u00e9s - EffiScience Paris","og_description":"Carte compl\u00e8te des soins Les soins visages Pour peaux jeunes&#8230; Soin Thalgo &#8211; Purifiant &#8211; Puret\u00e9 Marine &#8211; 60&#8242; 100\u20ac \/ 80\u20ac* Dites stop aux brillances ! Votre peau est purifi\u00e9e et instantan\u00e9ment plus nette gr\u00e2ce au duo d&#8217;algues mill\u00e9naires r\u00e9gulatrices. Pour qui ? Toutes les personnes ayant la peau [&hellip;]","og_url":"https:\/\/www.effiscience.paris\/index.php\/tarifs-detailles\/","og_site_name":"EffiScience Paris","article_modified_time":"2022-09-18T20:06:50+00:00","twitter_card":"summary_large_image","twitter_misc":{"Dur\u00e9e de lecture estim\u00e9e":"2 minutes"},"schema":{"@context":"https:\/\/schema.org","@graph":[{"@type":"WebPage","@id":"https:\/\/www.effiscience.paris\/index.php\/tarifs-detailles\/","url":"https:\/\/www.effiscience.paris\/index.php\/tarifs-detailles\/","name":"Tarifs D\u00e9taill\u00e9s - EffiScience Paris","isPartOf":{"@id":"https:\/\/www.effiscience.paris\/#website"},"datePublished":"2022-09-18T16:06:13+00:00","dateModified":"2022-09-18T20:06:50+00:00","breadcrumb":{"@id":"https:\/\/www.effiscience.paris\/index.php\/tarifs-detailles\/#breadcrumb"},"inLanguage":"fr-FR","potentialAction":[{"@type":"ReadAction","target":["https:\/\/www.effiscience.paris\/index.php\/tarifs-detailles\/"]}]},{"@type":"BreadcrumbList","@id":"https:\/\/www.effiscience.paris\/index.php\/tarifs-detailles\/#breadcrumb","itemListElement":[{"@type":"ListItem","position":1,"name":"Accueil","item":"https:\/\/www.effiscience.paris\/"},{"@type":"ListItem","position":2,"name":"Tarifs D\u00e9taill\u00e9s"}]},{"@type":"WebSite","@id":"https:\/\/www.effiscience.paris\/#website","url":"https:\/\/www.effiscience.paris\/","name":"EffiScience Paris","description":"Sport, beaut\u00e9, bien-\u00eatre, Un seul lieu pour prendre soin de vous","potentialAction":[{"@type":"SearchAction","target":{"@type":"EntryPoint","urlTemplate":"https:\/\/www.effiscience.paris\/?s={search_term_string}"},"query-input":{"@type":"PropertyValueSpecification","valueRequired":true,"valueName":"search_term_string"}}],"inLanguage":"fr-FR"}]}},"jetpack_sharing_enabled":true,"_links":{"self":[{"href":"https:\/\/www.effiscience.paris\/index.php\/wp-json\/wp\/v2\/pages\/4107","targetHints":{"allow":["GET"]}}],"collection":[{"href":"https:\/\/www.effiscience.paris\/index.php\/wp-json\/wp\/v2\/pages"}],"about":[{"href":"https:\/\/www.effiscience.paris\/index.php\/wp-json\/wp\/v2\/types\/page"}],"author":[{"embeddable":true,"href":"https:\/\/www.effiscience.paris\/index.php\/wp-json\/wp\/v2\/users\/1"}],"replies":[{"embeddable":true,"href":"https:\/\/www.effiscience.paris\/index.php\/wp-json\/wp\/v2\/comments?post=4107"}],"version-history":[{"count":34,"href":"https:\/\/www.effiscience.paris\/index.php\/wp-json\/wp\/v2\/pages\/4107\/revisions"}],"predecessor-version":[{"id":4173,"href":"https:\/\/www.effiscience.paris\/index.php\/wp-json\/wp\/v2\/pages\/4107\/revisions\/4173"}],"wp:attachment":[{"href":"https:\/\/www.effiscience.paris\/index.php\/wp-json\/wp\/v2\/media?parent=4107"}],"curies":[{"name":"wp","href":"https:\/\/api.w.org\/{rel}","templated":true}]}}