{"id":4421,"date":"2022-09-21T06:08:04","date_gmt":"2022-09-21T04:08:04","guid":{"rendered":"https:\/\/www.effiscience.paris\/?page_id=4421"},"modified":"2025-01-15T16:04:03","modified_gmt":"2025-01-15T15:04:03","slug":"coaching-prive-paris-6","status":"publish","type":"page","link":"https:\/\/www.effiscience.paris\/index.php\/coaching-prive-paris-6\/","title":{"rendered":"Coaching priv\u00e9 paris 6"},"content":{"rendered":"\t\t<div data-elementor-type=\"wp-page\" data-elementor-id=\"4421\" class=\"elementor elementor-4421\" data-elementor-post-type=\"page\">\n\t\t\t\t\t\t<section class=\"elementor-section elementor-top-section elementor-element elementor-element-5a678621 elementor-section-boxed elementor-section-height-default elementor-section-height-default\" data-id=\"5a678621\" data-element_type=\"section\" data-e-type=\"section\">\n\t\t\t\t\t\t<div class=\"elementor-container elementor-column-gap-default\">\n\t\t\t\t\t<div class=\"elementor-column elementor-col-100 elementor-top-column elementor-element elementor-element-23edb53f\" data-id=\"23edb53f\" data-element_type=\"column\" data-e-type=\"column\">\n\t\t\t<div class=\"elementor-widget-wrap elementor-element-populated\">\n\t\t\t\t\t\t<div class=\"elementor-element elementor-element-1af91133 elementor-widget elementor-widget-spacer\" data-id=\"1af91133\" data-element_type=\"widget\" data-e-type=\"widget\" data-widget_type=\"spacer.default\">\n\t\t\t\t<div class=\"elementor-widget-container\">\n\t\t\t\t\t\t\t<div class=\"elementor-spacer\">\n\t\t\t<div class=\"elementor-spacer-inner\"><\/div>\n\t\t<\/div>\n\t\t\t\t\t\t<\/div>\n\t\t\t\t<\/div>\n\t\t\t\t<div class=\"elementor-element elementor-element-4589ba53 elementor-widget elementor-widget-heading\" data-id=\"4589ba53\" data-element_type=\"widget\" data-e-type=\"widget\" data-widget_type=\"heading.default\">\n\t\t\t\t<div class=\"elementor-widget-container\">\n\t\t\t\t\t<h1 class=\"elementor-heading-title elementor-size-default\">PERSONAL TRAINING<br>L'entrainement sur mesure<\/h1>\t\t\t\t<\/div>\n\t\t\t\t<\/div>\n\t\t\t\t<div class=\"elementor-element elementor-element-7376cc2 elementor-widget elementor-widget-video\" data-id=\"7376cc2\" data-element_type=\"widget\" data-e-type=\"widget\" data-settings=\"{&quot;youtube_url&quot;:&quot;https:\\\/\\\/youtu.be\\\/yzAVUXV53Yc&quot;,&quot;autoplay&quot;:&quot;yes&quot;,&quot;mute&quot;:&quot;yes&quot;,&quot;loop&quot;:&quot;yes&quot;,&quot;play_on_mobile&quot;:&quot;yes&quot;,&quot;video_type&quot;:&quot;youtube&quot;,&quot;controls&quot;:&quot;yes&quot;}\" data-widget_type=\"video.default\">\n\t\t\t\t<div class=\"elementor-widget-container\">\n\t\t\t\t\t\t\t<div class=\"elementor-wrapper elementor-open-inline\">\n\t\t\t<div class=\"elementor-video\"><\/div>\t\t<\/div>\n\t\t\t\t\t\t<\/div>\n\t\t\t\t<\/div>\n\t\t\t\t<div class=\"elementor-element elementor-element-e3853bb elementor-hidden-desktop elementor-hidden-tablet elementor-hidden-mobile elementor-widget elementor-widget-text-editor\" data-id=\"e3853bb\" data-element_type=\"widget\" data-e-type=\"widget\" data-widget_type=\"text-editor.default\">\n\t\t\t\t<div class=\"elementor-widget-container\">\n\t\t\t\t\t\t\t\t\t<p><a href=\"https:\/\/www.effiscience.paris\/index.php\/coaching-prive-luxe-paris-personal-training\/\">Coaching priv\u00e9<\/a> \u00e0 paris 6 con\u00e7us sur mesure<\/p><p>Nos <a href=\"https:\/\/gaelleprudencio.com\/2022\/04\/03\/coach-sportif-en-ligne\/\">coachs sportifs<\/a> sont s\u00e9lectionn\u00e9s selon des crit\u00e8res bien pr\u00e9cis :<\/p><p><b>S\u00e9curit\u00e9 <\/b>: Nos coachs sportifs ont pour priorit\u00e9 votre bien-\u00eatre, c\u2019est pourquoi ils s\u2019engagent \u00e0 adopter les <strong>gestes barri\u00e8res<\/strong> et utiliser les <strong>protections en vigueur<\/strong>.<br \/><b>Exp\u00e9riences\u00a0<\/b>: Parmi nos coachs sportifs, d\u00e9couvrez des athl\u00e8tes de haut niveau et des comp\u00e9titeurs, ambassadeur de leur discipline sportive.<br \/><b>Dipl\u00f4mes\u00a0<\/b>: Tous nos coachs sportifs sont dipl\u00f4m\u00e9 d\u2019\u00e9tat, ils sont nombreux \u00e0 avoir des sp\u00e9cialit\u00e9s comme la nutrition, la pr\u00e9paration physique etc\u2026<br \/><b>Disponibilit\u00e9\u00a0<\/b>: Nos coachs sportifs s\u2019adaptent \u00e0 vos horaires et votre emploi du temps.<\/p><p>Le suivi sportif consiste avant tout \u00e0 cr\u00e9er un lien social au fil des s\u00e9ances. C\u2019est un \u00e9change, une \u00e9coute, un travail en coop\u00e9ration.\u00a0<\/p><p>Au-del\u00e0 de cet aspect social, le travail d\u2019un Personal Trainer consiste \u00e0 r\u00e9pondre aux demandes et aux besoins des personnes afin de les accompagner au bout de leurs objectifs. Pour cela nous mettons notre savoir-faire au profit d\u2019une planification sur-mesure\u00a0! Nous nous adaptons aux qualit\u00e9s physiques, \u00e0 la morphologie, \u00e0 la posture de chacun pour que l\u2019accompagnement soit au plus personnalis\u00e9.<\/p><p>L\u2019exp\u00e9rience du coach permet de se surpasser, de sortir de sa zone de confort. Cette exp\u00e9rience permet aussi d\u2019\u00e9prouver de la fiert\u00e9 et de gagner confiance en soi.<\/p><p>L\u2019int\u00e9grit\u00e9 physique et la bonne sant\u00e9 de notre corps sont les priorit\u00e9s. Le sport procure bien-\u00eatre, permet d\u2019avoir une bonne hygi\u00e8ne de vie, une meilleure forme physique, une meilleure qualit\u00e9 de sommeil, d\u2019\u00e9liminer les toxines, d\u2019avoir une maitrise de son corps.\u00a0<\/p>\t\t\t\t\t\t\t\t<\/div>\n\t\t\t\t<\/div>\n\t\t\t\t<div class=\"elementor-element elementor-element-6e1f0af elementor-widget elementor-widget-text-editor\" data-id=\"6e1f0af\" data-element_type=\"widget\" data-e-type=\"widget\" data-widget_type=\"text-editor.default\">\n\t\t\t\t<div class=\"elementor-widget-container\">\n\t\t\t\t\t\t\t\t\t<p>Le coaching priv\u00e9 est id\u00e9al pour atteindre vos objectifs. Que ce soit pour travailler votre technique ou am\u00e9liorer votre condition physique, nos coachs s&#8217;adaptent \u00e0 vos envies. En compl\u00e9ment, les espaces cardio, sauna, hammam sont accessibles gratuitement avant ou apr\u00e8s votre s\u00e9ance.<\/p>\t\t\t\t\t\t\t\t<\/div>\n\t\t\t\t<\/div>\n\t\t\t\t<div class=\"elementor-element elementor-element-baa625a elementor-hidden-desktop elementor-hidden-tablet elementor-hidden-mobile elementor-widget elementor-widget-heading\" data-id=\"baa625a\" data-element_type=\"widget\" data-e-type=\"widget\" data-widget_type=\"heading.default\">\n\t\t\t\t<div class=\"elementor-widget-container\">\n\t\t\t\t\t<h2 class=\"elementor-heading-title elementor-size-default\">Coaching priv\u00e9 paris 6<\/h2>\t\t\t\t<\/div>\n\t\t\t\t<\/div>\n\t\t\t\t<section class=\"elementor-section elementor-inner-section elementor-element elementor-element-723b71c elementor-section-boxed elementor-section-height-default elementor-section-height-default\" data-id=\"723b71c\" data-element_type=\"section\" data-e-type=\"section\">\n\t\t\t\t\t\t<div class=\"elementor-container elementor-column-gap-default\">\n\t\t\t\t\t<div class=\"elementor-column elementor-col-50 elementor-inner-column elementor-element elementor-element-4b124072\" data-id=\"4b124072\" data-element_type=\"column\" data-e-type=\"column\">\n\t\t\t<div class=\"elementor-widget-wrap elementor-element-populated\">\n\t\t\t\t\t\t<div class=\"elementor-element elementor-element-1f523988 elementor-view-default elementor-widget elementor-widget-icon\" data-id=\"1f523988\" data-element_type=\"widget\" data-e-type=\"widget\" data-widget_type=\"icon.default\">\n\t\t\t\t<div class=\"elementor-widget-container\">\n\t\t\t\t\t\t\t<div class=\"elementor-icon-wrapper\">\n\t\t\t<div class=\"elementor-icon\">\n\t\t\t<i aria-hidden=\"true\" class=\"far fa-clock\"><\/i>\t\t\t<\/div>\n\t\t<\/div>\n\t\t\t\t\t\t<\/div>\n\t\t\t\t<\/div>\n\t\t\t\t<div class=\"elementor-element elementor-element-5d0c4e17 elementor-widget elementor-widget-heading\" data-id=\"5d0c4e17\" data-element_type=\"widget\" data-e-type=\"widget\" data-widget_type=\"heading.default\">\n\t\t\t\t<div class=\"elementor-widget-container\">\n\t\t\t\t\t<h3 class=\"elementor-heading-title elementor-size-default\">60 minutes<\/h3>\t\t\t\t<\/div>\n\t\t\t\t<\/div>\n\t\t\t\t<div class=\"elementor-element elementor-element-4aa6f9ff elementor-widget elementor-widget-text-editor\" data-id=\"4aa6f9ff\" data-element_type=\"widget\" data-e-type=\"widget\" data-widget_type=\"text-editor.default\">\n\t\t\t\t<div class=\"elementor-widget-container\">\n\t\t\t\t\t\t\t\t\t<p>Un entrainement sur mesure construit par votre coach en fonction de vos objectifs et votre condition physique<\/p>\t\t\t\t\t\t\t\t<\/div>\n\t\t\t\t<\/div>\n\t\t\t\t<div class=\"elementor-element elementor-element-47fa43af elementor-view-default elementor-widget elementor-widget-icon\" data-id=\"47fa43af\" data-element_type=\"widget\" data-e-type=\"widget\" data-widget_type=\"icon.default\">\n\t\t\t\t<div class=\"elementor-widget-container\">\n\t\t\t\t\t\t\t<div class=\"elementor-icon-wrapper\">\n\t\t\t<div class=\"elementor-icon\">\n\t\t\t<i aria-hidden=\"true\" class=\"fas fa-male\"><\/i>\t\t\t<\/div>\n\t\t<\/div>\n\t\t\t\t\t\t<\/div>\n\t\t\t\t<\/div>\n\t\t\t\t<div class=\"elementor-element elementor-element-70750433 elementor-widget elementor-widget-heading\" data-id=\"70750433\" data-element_type=\"widget\" data-e-type=\"widget\" data-widget_type=\"heading.default\">\n\t\t\t\t<div class=\"elementor-widget-container\">\n\t\t\t\t\t<h3 class=\"elementor-heading-title elementor-size-default\">Pour qui?<\/h3>\t\t\t\t<\/div>\n\t\t\t\t<\/div>\n\t\t\t\t<div class=\"elementor-element elementor-element-9f02ca1 elementor-hidden-desktop elementor-hidden-tablet elementor-hidden-mobile elementor-widget elementor-widget-heading\" data-id=\"9f02ca1\" data-element_type=\"widget\" data-e-type=\"widget\" data-widget_type=\"heading.default\">\n\t\t\t\t<div class=\"elementor-widget-container\">\n\t\t\t\t\t<h2 class=\"elementor-heading-title elementor-size-default\">Coaching priv\u00e9 paris 6<\/h2>\t\t\t\t<\/div>\n\t\t\t\t<\/div>\n\t\t\t\t<div class=\"elementor-element elementor-element-1ace84c1 elementor-widget elementor-widget-text-editor\" data-id=\"1ace84c1\" data-element_type=\"widget\" data-e-type=\"widget\" data-widget_type=\"text-editor.default\">\n\t\t\t\t<div class=\"elementor-widget-container\">\n\t\t\t\t\t\t\t\t\t<p>Vous avez un objectif pr\u00e9cis, du mal \u00e0 vous motiver ou juste un emploi du temps compliqu\u00e9? Nos coachs s&#8217;adaptent \u00e0 vos contraintes pour concevoir le programme qui vous correspond.<\/p>\t\t\t\t\t\t\t\t<\/div>\n\t\t\t\t<\/div>\n\t\t\t\t\t<\/div>\n\t\t<\/div>\n\t\t\t\t<div class=\"elementor-column elementor-col-50 elementor-inner-column elementor-element elementor-element-4020c0bb\" data-id=\"4020c0bb\" data-element_type=\"column\" data-e-type=\"column\">\n\t\t\t<div class=\"elementor-widget-wrap elementor-element-populated\">\n\t\t\t\t\t\t<div class=\"elementor-element elementor-element-341dc7c0 elementor-widget elementor-widget-image\" data-id=\"341dc7c0\" data-element_type=\"widget\" data-e-type=\"widget\" data-widget_type=\"image.default\">\n\t\t\t\t<div class=\"elementor-widget-container\">\n\t\t\t\t\t\t\t\t\t\t\t\t\t\t\t<img fetchpriority=\"high\" decoding=\"async\" width=\"768\" height=\"1024\" src=\"https:\/\/www.effiscience.paris\/wp-content\/uploads\/2022\/09\/4146eac8-0d38-4952-90e6-9c49f5829646-768x1024.jpg\" class=\"attachment-large size-large wp-image-4264\" alt=\"EMS Mina Bodytec\" srcset=\"https:\/\/www.effiscience.paris\/wp-content\/uploads\/2022\/09\/4146eac8-0d38-4952-90e6-9c49f5829646-768x1024.jpg 768w, https:\/\/www.effiscience.paris\/wp-content\/uploads\/2022\/09\/4146eac8-0d38-4952-90e6-9c49f5829646-225x300.jpg 225w, https:\/\/www.effiscience.paris\/wp-content\/uploads\/2022\/09\/4146eac8-0d38-4952-90e6-9c49f5829646-1152x1536.jpg 1152w, https:\/\/www.effiscience.paris\/wp-content\/uploads\/2022\/09\/4146eac8-0d38-4952-90e6-9c49f5829646-1000x1333.jpg 1000w, https:\/\/www.effiscience.paris\/wp-content\/uploads\/2022\/09\/4146eac8-0d38-4952-90e6-9c49f5829646-420x560.jpg 420w, https:\/\/www.effiscience.paris\/wp-content\/uploads\/2022\/09\/4146eac8-0d38-4952-90e6-9c49f5829646-600x800.jpg 600w, https:\/\/www.effiscience.paris\/wp-content\/uploads\/2022\/09\/4146eac8-0d38-4952-90e6-9c49f5829646.jpg 1536w\" sizes=\"(max-width: 768px) 100vw, 768px\" \/>\t\t\t\t\t\t\t\t\t\t\t\t\t\t\t<\/div>\n\t\t\t\t<\/div>\n\t\t\t\t\t<\/div>\n\t\t<\/div>\n\t\t\t\t\t<\/div>\n\t\t<\/section>\n\t\t\t\t\t<\/div>\n\t\t<\/div>\n\t\t\t\t\t<\/div>\n\t\t<\/section>\n\t\t\t\t<section class=\"elementor-section elementor-top-section elementor-element elementor-element-a301d15 elementor-section-boxed elementor-section-height-default elementor-section-height-default\" data-id=\"a301d15\" data-element_type=\"section\" data-e-type=\"section\">\n\t\t\t\t\t\t<div class=\"elementor-container elementor-column-gap-default\">\n\t\t\t\t\t<div class=\"elementor-column elementor-col-100 elementor-top-column elementor-element elementor-element-49f03da\" data-id=\"49f03da\" data-element_type=\"column\" data-e-type=\"column\">\n\t\t\t<div class=\"elementor-widget-wrap elementor-element-populated\">\n\t\t\t\t\t\t<div class=\"elementor-element elementor-element-9d5489d elementor-widget elementor-widget-heading\" data-id=\"9d5489d\" data-element_type=\"widget\" data-e-type=\"widget\" data-widget_type=\"heading.default\">\n\t\t\t\t<div class=\"elementor-widget-container\">\n\t\t\t\t\t<h2 class=\"elementor-heading-title elementor-size-default\">R\u00e9servez votre coaching priv\u00e9<\/h2>\t\t\t\t<\/div>\n\t\t\t\t<\/div>\n\t\t\t\t\t<\/div>\n\t\t<\/div>\n\t\t\t\t\t<\/div>\n\t\t<\/section>\n\t\t\t\t<\/div>\n\t\t","protected":false},"excerpt":{"rendered":"<p>PERSONAL TRAININGL&#8217;entrainement sur mesure https:\/\/youtu.be\/yzAVUXV53Yc Coaching priv\u00e9 \u00e0 paris 6 con\u00e7us sur mesure Nos coachs sportifs sont s\u00e9lectionn\u00e9s selon des crit\u00e8res bien pr\u00e9cis : S\u00e9curit\u00e9 : Nos coachs sportifs ont pour priorit\u00e9 votre bien-\u00eatre, c\u2019est pourquoi ils s\u2019engagent \u00e0 adopter les gestes barri\u00e8res et utiliser les protections en vigueur.Exp\u00e9riences\u00a0: Parmi [&hellip;]<\/p>\n","protected":false},"author":1,"featured_media":0,"parent":0,"menu_order":0,"comment_status":"closed","ping_status":"closed","template":"","meta":{"inspiro_page_layout":"narrow","inspiro_hide_title":false,"footnotes":""},"class_list":["post-4421","page","type-page","status-publish","hentry"],"yoast_head":"<!-- This site is optimized with the Yoast SEO plugin v27.4 - https:\/\/yoast.com\/product\/yoast-seo-wordpress\/ -->\n<title>Coaching priv\u00e9 paris 6 - EffiScience Paris<\/title>\n<meta name=\"description\" content=\"Coaching priv\u00e9s \u00e0 Paris 6 dans un cadre intimiste: boxe, pilates, renforcement. D\u00e9couvrez le sport sur mesure chez EffiScience Paris.\" \/>\n<meta name=\"robots\" content=\"index, follow, max-snippet:-1, max-image-preview:large, max-video-preview:-1\" \/>\n<link rel=\"canonical\" href=\"https:\/\/www.effiscience.paris\/index.php\/coaching-prive-paris-6\/\" \/>\n<meta property=\"og:locale\" content=\"fr_FR\" \/>\n<meta property=\"og:type\" content=\"article\" \/>\n<meta property=\"og:title\" content=\"Coaching priv\u00e9 paris 6 - EffiScience Paris\" \/>\n<meta property=\"og:description\" content=\"Coaching priv\u00e9s \u00e0 Paris 6 dans un cadre intimiste: boxe, pilates, renforcement. D\u00e9couvrez le sport sur mesure chez EffiScience Paris.\" \/>\n<meta property=\"og:url\" content=\"https:\/\/www.effiscience.paris\/index.php\/coaching-prive-paris-6\/\" \/>\n<meta property=\"og:site_name\" content=\"EffiScience Paris\" \/>\n<meta property=\"article:modified_time\" content=\"2025-01-15T15:04:03+00:00\" \/>\n<meta property=\"og:image\" content=\"https:\/\/www.effiscience.paris\/wp-content\/uploads\/2022\/09\/4146eac8-0d38-4952-90e6-9c49f5829646-768x1024.jpg\" \/>\n<meta name=\"twitter:card\" content=\"summary_large_image\" \/>\n<meta name=\"twitter:label1\" content=\"Dur\u00e9e de lecture estim\u00e9e\" \/>\n\t<meta name=\"twitter:data1\" content=\"2 minutes\" \/>\n<script type=\"application\/ld+json\" class=\"yoast-schema-graph\">{\"@context\":\"https:\\\/\\\/schema.org\",\"@graph\":[{\"@type\":\"WebPage\",\"@id\":\"https:\\\/\\\/www.effiscience.paris\\\/index.php\\\/coaching-prive-paris-6\\\/\",\"url\":\"https:\\\/\\\/www.effiscience.paris\\\/index.php\\\/coaching-prive-paris-6\\\/\",\"name\":\"Coaching priv\u00e9 paris 6 - EffiScience Paris\",\"isPartOf\":{\"@id\":\"https:\\\/\\\/www.effiscience.paris\\\/#website\"},\"primaryImageOfPage\":{\"@id\":\"https:\\\/\\\/www.effiscience.paris\\\/index.php\\\/coaching-prive-paris-6\\\/#primaryimage\"},\"image\":{\"@id\":\"https:\\\/\\\/www.effiscience.paris\\\/index.php\\\/coaching-prive-paris-6\\\/#primaryimage\"},\"thumbnailUrl\":\"https:\\\/\\\/www.effiscience.paris\\\/wp-content\\\/uploads\\\/2022\\\/09\\\/4146eac8-0d38-4952-90e6-9c49f5829646-768x1024.jpg\",\"datePublished\":\"2022-09-21T04:08:04+00:00\",\"dateModified\":\"2025-01-15T15:04:03+00:00\",\"description\":\"Coaching priv\u00e9s \u00e0 Paris 6 dans un cadre intimiste: boxe, pilates, renforcement. D\u00e9couvrez le sport sur mesure chez EffiScience Paris.\",\"breadcrumb\":{\"@id\":\"https:\\\/\\\/www.effiscience.paris\\\/index.php\\\/coaching-prive-paris-6\\\/#breadcrumb\"},\"inLanguage\":\"fr-FR\",\"potentialAction\":[{\"@type\":\"ReadAction\",\"target\":[\"https:\\\/\\\/www.effiscience.paris\\\/index.php\\\/coaching-prive-paris-6\\\/\"]}]},{\"@type\":\"ImageObject\",\"inLanguage\":\"fr-FR\",\"@id\":\"https:\\\/\\\/www.effiscience.paris\\\/index.php\\\/coaching-prive-paris-6\\\/#primaryimage\",\"url\":\"https:\\\/\\\/www.effiscience.paris\\\/wp-content\\\/uploads\\\/2022\\\/09\\\/4146eac8-0d38-4952-90e6-9c49f5829646.jpg\",\"contentUrl\":\"https:\\\/\\\/www.effiscience.paris\\\/wp-content\\\/uploads\\\/2022\\\/09\\\/4146eac8-0d38-4952-90e6-9c49f5829646.jpg\",\"width\":1536,\"height\":2048,\"caption\":\"Ems training avec nos combinaisons derni\u00e8re g\u00e9n\u00e9ration\"},{\"@type\":\"BreadcrumbList\",\"@id\":\"https:\\\/\\\/www.effiscience.paris\\\/index.php\\\/coaching-prive-paris-6\\\/#breadcrumb\",\"itemListElement\":[{\"@type\":\"ListItem\",\"position\":1,\"name\":\"Accueil\",\"item\":\"https:\\\/\\\/www.effiscience.paris\\\/\"},{\"@type\":\"ListItem\",\"position\":2,\"name\":\"Coaching priv\u00e9 paris 6\"}]},{\"@type\":\"WebSite\",\"@id\":\"https:\\\/\\\/www.effiscience.paris\\\/#website\",\"url\":\"https:\\\/\\\/www.effiscience.paris\\\/\",\"name\":\"EffiScience Paris\",\"description\":\"Sport, beaut\u00e9, bien-\u00eatre, Un seul lieu pour prendre soin de vous\",\"potentialAction\":[{\"@type\":\"SearchAction\",\"target\":{\"@type\":\"EntryPoint\",\"urlTemplate\":\"https:\\\/\\\/www.effiscience.paris\\\/?s={search_term_string}\"},\"query-input\":{\"@type\":\"PropertyValueSpecification\",\"valueRequired\":true,\"valueName\":\"search_term_string\"}}],\"inLanguage\":\"fr-FR\"}]}<\/script>\n<!-- \/ Yoast SEO plugin. -->","yoast_head_json":{"title":"Coaching priv\u00e9 paris 6 - EffiScience Paris","description":"Coaching priv\u00e9s \u00e0 Paris 6 dans un cadre intimiste: boxe, pilates, renforcement. D\u00e9couvrez le sport sur mesure chez EffiScience Paris.","robots":{"index":"index","follow":"follow","max-snippet":"max-snippet:-1","max-image-preview":"max-image-preview:large","max-video-preview":"max-video-preview:-1"},"canonical":"https:\/\/www.effiscience.paris\/index.php\/coaching-prive-paris-6\/","og_locale":"fr_FR","og_type":"article","og_title":"Coaching priv\u00e9 paris 6 - EffiScience Paris","og_description":"Coaching priv\u00e9s \u00e0 Paris 6 dans un cadre intimiste: boxe, pilates, renforcement. D\u00e9couvrez le sport sur mesure chez EffiScience Paris.","og_url":"https:\/\/www.effiscience.paris\/index.php\/coaching-prive-paris-6\/","og_site_name":"EffiScience Paris","article_modified_time":"2025-01-15T15:04:03+00:00","og_image":[{"url":"https:\/\/www.effiscience.paris\/wp-content\/uploads\/2022\/09\/4146eac8-0d38-4952-90e6-9c49f5829646-768x1024.jpg","type":"","width":"","height":""}],"twitter_card":"summary_large_image","twitter_misc":{"Dur\u00e9e de lecture estim\u00e9e":"2 minutes"},"schema":{"@context":"https:\/\/schema.org","@graph":[{"@type":"WebPage","@id":"https:\/\/www.effiscience.paris\/index.php\/coaching-prive-paris-6\/","url":"https:\/\/www.effiscience.paris\/index.php\/coaching-prive-paris-6\/","name":"Coaching priv\u00e9 paris 6 - EffiScience Paris","isPartOf":{"@id":"https:\/\/www.effiscience.paris\/#website"},"primaryImageOfPage":{"@id":"https:\/\/www.effiscience.paris\/index.php\/coaching-prive-paris-6\/#primaryimage"},"image":{"@id":"https:\/\/www.effiscience.paris\/index.php\/coaching-prive-paris-6\/#primaryimage"},"thumbnailUrl":"https:\/\/www.effiscience.paris\/wp-content\/uploads\/2022\/09\/4146eac8-0d38-4952-90e6-9c49f5829646-768x1024.jpg","datePublished":"2022-09-21T04:08:04+00:00","dateModified":"2025-01-15T15:04:03+00:00","description":"Coaching priv\u00e9s \u00e0 Paris 6 dans un cadre intimiste: boxe, pilates, renforcement. D\u00e9couvrez le sport sur mesure chez EffiScience Paris.","breadcrumb":{"@id":"https:\/\/www.effiscience.paris\/index.php\/coaching-prive-paris-6\/#breadcrumb"},"inLanguage":"fr-FR","potentialAction":[{"@type":"ReadAction","target":["https:\/\/www.effiscience.paris\/index.php\/coaching-prive-paris-6\/"]}]},{"@type":"ImageObject","inLanguage":"fr-FR","@id":"https:\/\/www.effiscience.paris\/index.php\/coaching-prive-paris-6\/#primaryimage","url":"https:\/\/www.effiscience.paris\/wp-content\/uploads\/2022\/09\/4146eac8-0d38-4952-90e6-9c49f5829646.jpg","contentUrl":"https:\/\/www.effiscience.paris\/wp-content\/uploads\/2022\/09\/4146eac8-0d38-4952-90e6-9c49f5829646.jpg","width":1536,"height":2048,"caption":"Ems training avec nos combinaisons derni\u00e8re g\u00e9n\u00e9ration"},{"@type":"BreadcrumbList","@id":"https:\/\/www.effiscience.paris\/index.php\/coaching-prive-paris-6\/#breadcrumb","itemListElement":[{"@type":"ListItem","position":1,"name":"Accueil","item":"https:\/\/www.effiscience.paris\/"},{"@type":"ListItem","position":2,"name":"Coaching priv\u00e9 paris 6"}]},{"@type":"WebSite","@id":"https:\/\/www.effiscience.paris\/#website","url":"https:\/\/www.effiscience.paris\/","name":"EffiScience Paris","description":"Sport, beaut\u00e9, bien-\u00eatre, Un seul lieu pour prendre soin de vous","potentialAction":[{"@type":"SearchAction","target":{"@type":"EntryPoint","urlTemplate":"https:\/\/www.effiscience.paris\/?s={search_term_string}"},"query-input":{"@type":"PropertyValueSpecification","valueRequired":true,"valueName":"search_term_string"}}],"inLanguage":"fr-FR"}]}},"jetpack_sharing_enabled":true,"_links":{"self":[{"href":"https:\/\/www.effiscience.paris\/index.php\/wp-json\/wp\/v2\/pages\/4421","targetHints":{"allow":["GET"]}}],"collection":[{"href":"https:\/\/www.effiscience.paris\/index.php\/wp-json\/wp\/v2\/pages"}],"about":[{"href":"https:\/\/www.effiscience.paris\/index.php\/wp-json\/wp\/v2\/types\/page"}],"author":[{"embeddable":true,"href":"https:\/\/www.effiscience.paris\/index.php\/wp-json\/wp\/v2\/users\/1"}],"replies":[{"embeddable":true,"href":"https:\/\/www.effiscience.paris\/index.php\/wp-json\/wp\/v2\/comments?post=4421"}],"version-history":[{"count":30,"href":"https:\/\/www.effiscience.paris\/index.php\/wp-json\/wp\/v2\/pages\/4421\/revisions"}],"predecessor-version":[{"id":34816,"href":"https:\/\/www.effiscience.paris\/index.php\/wp-json\/wp\/v2\/pages\/4421\/revisions\/34816"}],"wp:attachment":[{"href":"https:\/\/www.effiscience.paris\/index.php\/wp-json\/wp\/v2\/media?parent=4421"}],"curies":[{"name":"wp","href":"https:\/\/api.w.org\/{rel}","templated":true}]}}