{"id":4652,"date":"2022-09-22T19:48:25","date_gmt":"2022-09-22T17:48:25","guid":{"rendered":"https:\/\/www.effiscience.paris\/?page_id=4652"},"modified":"2022-09-22T20:20:30","modified_gmt":"2022-09-22T18:20:30","slug":"microdermabrasion-diamant","status":"publish","type":"page","link":"https:\/\/www.effiscience.paris\/index.php\/microdermabrasion-diamant\/","title":{"rendered":"MicroDermabrasion Diamant"},"content":{"rendered":"\t\t<div data-elementor-type=\"wp-page\" data-elementor-id=\"4652\" class=\"elementor elementor-4652\" data-elementor-post-type=\"page\">\n\t\t\t\t\t\t<section class=\"elementor-section elementor-top-section elementor-element elementor-element-5ec4d02 elementor-section-boxed elementor-section-height-default elementor-section-height-default\" data-id=\"5ec4d02\" data-element_type=\"section\" data-e-type=\"section\">\n\t\t\t\t\t\t<div class=\"elementor-container elementor-column-gap-default\">\n\t\t\t\t\t<div class=\"elementor-column elementor-col-100 elementor-top-column elementor-element elementor-element-996fbfc\" data-id=\"996fbfc\" data-element_type=\"column\" data-e-type=\"column\">\n\t\t\t<div class=\"elementor-widget-wrap elementor-element-populated\">\n\t\t\t\t\t\t<div class=\"elementor-element elementor-element-759f7d1 elementor-widget elementor-widget-heading\" data-id=\"759f7d1\" data-element_type=\"widget\" data-e-type=\"widget\" data-widget_type=\"heading.default\">\n\t\t\t\t<div class=\"elementor-widget-container\">\n\t\t\t\t\t<h1 class=\"elementor-heading-title elementor-size-default\">MICRODERMABRASION DIAMANT<br>Exfoliation Profonde<\/h1>\t\t\t\t<\/div>\n\t\t\t\t<\/div>\n\t\t\t\t\t<\/div>\n\t\t<\/div>\n\t\t\t\t\t<\/div>\n\t\t<\/section>\n\t\t\t\t<section class=\"elementor-section elementor-top-section elementor-element elementor-element-15b7ae3a elementor-section-boxed elementor-section-height-default elementor-section-height-default\" data-id=\"15b7ae3a\" data-element_type=\"section\" data-e-type=\"section\">\n\t\t\t\t\t\t<div class=\"elementor-container elementor-column-gap-default\">\n\t\t\t\t\t<div class=\"elementor-column elementor-col-100 elementor-top-column elementor-element elementor-element-71793ae5\" data-id=\"71793ae5\" data-element_type=\"column\" data-e-type=\"column\">\n\t\t\t<div class=\"elementor-widget-wrap elementor-element-populated\">\n\t\t\t\t\t\t<div class=\"elementor-element elementor-element-37060853 elementor-align-center elementor-widget elementor-widget-button\" data-id=\"37060853\" data-element_type=\"widget\" data-e-type=\"widget\" data-widget_type=\"button.default\">\n\t\t\t\t<div class=\"elementor-widget-container\">\n\t\t\t\t\t\t\t\t\t<div class=\"elementor-button-wrapper\">\n\t\t\t\t\t<a class=\"elementor-button elementor-size-xl\" role=\"button\">\n\t\t\t\t\t\t<span class=\"elementor-button-content-wrapper\">\n\t\t\t\t\t\t\t\t\t<span class=\"elementor-button-text\">90\u20ac    \/    72\u20ac*<\/span>\n\t\t\t\t\t<\/span>\n\t\t\t\t\t<\/a>\n\t\t\t\t<\/div>\n\t\t\t\t\t\t\t\t<\/div>\n\t\t\t\t<\/div>\n\t\t\t\t\t<\/div>\n\t\t<\/div>\n\t\t\t\t\t<\/div>\n\t\t<\/section>\n\t\t\t\t<section class=\"elementor-section elementor-top-section elementor-element elementor-element-6bf44d14 elementor-section-boxed elementor-section-height-default elementor-section-height-default\" data-id=\"6bf44d14\" data-element_type=\"section\" data-e-type=\"section\">\n\t\t\t\t\t\t<div class=\"elementor-container elementor-column-gap-default\">\n\t\t\t\t\t<div class=\"elementor-column elementor-col-100 elementor-top-column elementor-element elementor-element-5c63c409\" data-id=\"5c63c409\" data-element_type=\"column\" data-e-type=\"column\" data-settings=\"{&quot;background_background&quot;:&quot;classic&quot;}\">\n\t\t\t<div class=\"elementor-widget-wrap elementor-element-populated\">\n\t\t\t\t\t<div class=\"elementor-background-overlay\"><\/div>\n\t\t\t\t\t\t<div class=\"elementor-element elementor-element-1581057 elementor-widget elementor-widget-text-editor\" data-id=\"1581057\" data-element_type=\"widget\" data-e-type=\"widget\" data-widget_type=\"text-editor.default\">\n\t\t\t\t<div class=\"elementor-widget-container\">\n\t\t\t\t\t\t\t\t\t<p>La microdermabrasion diamant consiste \u00e0 r\u00e9aliser une exfoliation m\u00e9canique des couches sup\u00e9rieures de la peau \u00e0 l&#8217;aide d&#8217;un embout abrasif qui aspire les peaux mortes et les impuret\u00e9s. La peau est liss\u00e9e, les pores sont affin\u00e9s et les cicatrices s&#8217;estompent progressivement. C&#8217;est un soin tr\u00e8s efficace a pratiquer une fois par mois maximum pour ne pas agresser la peau.<\/p>\t\t\t\t\t\t\t\t<\/div>\n\t\t\t\t<\/div>\n\t\t\t\t\t<\/div>\n\t\t<\/div>\n\t\t\t\t\t<\/div>\n\t\t<\/section>\n\t\t\t\t<section class=\"elementor-section elementor-inner-section elementor-element elementor-element-2c2d887b elementor-section-boxed elementor-section-height-default elementor-section-height-default\" data-id=\"2c2d887b\" data-element_type=\"section\" data-e-type=\"section\">\n\t\t\t\t\t\t<div class=\"elementor-container elementor-column-gap-default\">\n\t\t\t\t\t<div class=\"elementor-column elementor-col-50 elementor-inner-column elementor-element elementor-element-27ff9bac\" data-id=\"27ff9bac\" data-element_type=\"column\" data-e-type=\"column\">\n\t\t\t<div class=\"elementor-widget-wrap elementor-element-populated\">\n\t\t\t\t\t\t<div class=\"elementor-element elementor-element-3af1aef6 elementor-view-default elementor-widget elementor-widget-icon\" data-id=\"3af1aef6\" data-element_type=\"widget\" data-e-type=\"widget\" data-widget_type=\"icon.default\">\n\t\t\t\t<div class=\"elementor-widget-container\">\n\t\t\t\t\t\t\t<div class=\"elementor-icon-wrapper\">\n\t\t\t<div class=\"elementor-icon\">\n\t\t\t<i aria-hidden=\"true\" class=\"far fa-clock\"><\/i>\t\t\t<\/div>\n\t\t<\/div>\n\t\t\t\t\t\t<\/div>\n\t\t\t\t<\/div>\n\t\t\t\t<div class=\"elementor-element elementor-element-66593859 elementor-widget elementor-widget-heading\" data-id=\"66593859\" data-element_type=\"widget\" data-e-type=\"widget\" data-widget_type=\"heading.default\">\n\t\t\t\t<div class=\"elementor-widget-container\">\n\t\t\t\t\t<h3 class=\"elementor-heading-title elementor-size-default\">45 minutes<\/h3>\t\t\t\t<\/div>\n\t\t\t\t<\/div>\n\t\t\t\t<div class=\"elementor-element elementor-element-1de0fab3 elementor-widget elementor-widget-text-editor\" data-id=\"1de0fab3\" data-element_type=\"widget\" data-e-type=\"widget\" data-widget_type=\"text-editor.default\">\n\t\t\t\t<div class=\"elementor-widget-container\">\n\t\t\t\t\t\t\t\t\t<p>La microdermabrasion diamant est un soin qui exfolie la peau en profondeur, la laissant lisse et d\u00e9barrass\u00e9es de ses impuret\u00e9s.<\/p>\t\t\t\t\t\t\t\t<\/div>\n\t\t\t\t<\/div>\n\t\t\t\t<div class=\"elementor-element elementor-element-c5cd474 elementor-widget elementor-widget-heading\" data-id=\"c5cd474\" data-element_type=\"widget\" data-e-type=\"widget\" data-widget_type=\"heading.default\">\n\t\t\t\t<div class=\"elementor-widget-container\">\n\t\t\t\t\t<h3 class=\"elementor-heading-title elementor-size-default\">Pour qui?<\/h3>\t\t\t\t<\/div>\n\t\t\t\t<\/div>\n\t\t\t\t<div class=\"elementor-element elementor-element-012a548 elementor-widget elementor-widget-text-editor\" data-id=\"012a548\" data-element_type=\"widget\" data-e-type=\"widget\" data-widget_type=\"text-editor.default\">\n\t\t\t\t<div class=\"elementor-widget-container\">\n\t\t\t\t\t\t\t\t\t<p>La microdermabrasion diamant est un soin abrasif parfait pour les peaux \u00e9paisses aux points noirs apparants. La microdermabrasion va aussi att\u00e9nuer les cicatrices. Les peaux fines ou sensibles se tourneront vers un soin plus doux pour \u00e9viter les rougeurs et les irritations.<\/p>\t\t\t\t\t\t\t\t<\/div>\n\t\t\t\t<\/div>\n\t\t\t\t\t<\/div>\n\t\t<\/div>\n\t\t\t\t<div class=\"elementor-column elementor-col-50 elementor-inner-column elementor-element elementor-element-693a9b68\" data-id=\"693a9b68\" data-element_type=\"column\" data-e-type=\"column\">\n\t\t\t<div class=\"elementor-widget-wrap elementor-element-populated\">\n\t\t\t\t\t\t<div class=\"elementor-element elementor-element-1caa2801 elementor-widget elementor-widget-image\" data-id=\"1caa2801\" data-element_type=\"widget\" data-e-type=\"widget\" data-widget_type=\"image.default\">\n\t\t\t\t<div class=\"elementor-widget-container\">\n\t\t\t\t\t\t\t\t\t\t\t\t\t\t\t<img fetchpriority=\"high\" decoding=\"async\" width=\"768\" height=\"937\" src=\"https:\/\/www.effiscience.paris\/wp-content\/uploads\/2022\/09\/MicroDermabrasion-e1663868811267-768x937.png\" class=\"attachment-medium_large size-medium_large wp-image-4589\" alt=\"\" srcset=\"https:\/\/www.effiscience.paris\/wp-content\/uploads\/2022\/09\/MicroDermabrasion-e1663868811267-768x937.png 768w, https:\/\/www.effiscience.paris\/wp-content\/uploads\/2022\/09\/MicroDermabrasion-e1663868811267-246x300.png 246w, https:\/\/www.effiscience.paris\/wp-content\/uploads\/2022\/09\/MicroDermabrasion-e1663868811267-839x1024.png 839w, https:\/\/www.effiscience.paris\/wp-content\/uploads\/2022\/09\/MicroDermabrasion-e1663868811267-1000x1220.png 1000w, https:\/\/www.effiscience.paris\/wp-content\/uploads\/2022\/09\/MicroDermabrasion-e1663868811267-459x560.png 459w, https:\/\/www.effiscience.paris\/wp-content\/uploads\/2022\/09\/MicroDermabrasion-e1663868811267-600x732.png 600w, https:\/\/www.effiscience.paris\/wp-content\/uploads\/2022\/09\/MicroDermabrasion-e1663868811267.png 1049w\" sizes=\"(max-width: 768px) 100vw, 768px\" \/>\t\t\t\t\t\t\t\t\t\t\t\t\t\t\t<\/div>\n\t\t\t\t<\/div>\n\t\t\t\t\t<\/div>\n\t\t<\/div>\n\t\t\t\t\t<\/div>\n\t\t<\/section>\n\t\t\t\t<section class=\"elementor-section elementor-top-section elementor-element elementor-element-a23ac1f elementor-section-boxed elementor-section-height-default elementor-section-height-default\" data-id=\"a23ac1f\" data-element_type=\"section\" data-e-type=\"section\">\n\t\t\t\t\t\t<div class=\"elementor-container elementor-column-gap-default\">\n\t\t\t\t\t<div class=\"elementor-column elementor-col-100 elementor-top-column elementor-element elementor-element-93736eb\" data-id=\"93736eb\" data-element_type=\"column\" data-e-type=\"column\">\n\t\t\t<div class=\"elementor-widget-wrap elementor-element-populated\">\n\t\t\t\t\t\t<div class=\"elementor-element elementor-element-d9ee198 elementor-widget elementor-widget-text-editor\" data-id=\"d9ee198\" data-element_type=\"widget\" data-e-type=\"widget\" data-widget_type=\"text-editor.default\">\n\t\t\t\t<div class=\"elementor-widget-container\">\n\t\t\t\t\t\t\t\t\t<p>* \u00a020% sur tout l&#8217;esth\u00e9tique pour les abonn\u00e9s OR<\/p>\t\t\t\t\t\t\t\t<\/div>\n\t\t\t\t<\/div>\n\t\t\t\t<div class=\"elementor-element elementor-element-ef6d4c5 elementor-align-center elementor-widget elementor-widget-button\" data-id=\"ef6d4c5\" data-element_type=\"widget\" data-e-type=\"widget\" data-widget_type=\"button.default\">\n\t\t\t\t<div class=\"elementor-widget-container\">\n\t\t\t\t\t\t\t\t\t<div class=\"elementor-button-wrapper\">\n\t\t\t\t\t<a class=\"elementor-button elementor-button-link elementor-size-xl\" href=\"https:\/\/www.planity.com\/effiscience-paris-75006\">\n\t\t\t\t\t\t<span class=\"elementor-button-content-wrapper\">\n\t\t\t\t\t\t\t\t\t<span class=\"elementor-button-text\">Prendre rendez-vous<\/span>\n\t\t\t\t\t<\/span>\n\t\t\t\t\t<\/a>\n\t\t\t\t<\/div>\n\t\t\t\t\t\t\t\t<\/div>\n\t\t\t\t<\/div>\n\t\t\t\t\t<\/div>\n\t\t<\/div>\n\t\t\t\t\t<\/div>\n\t\t<\/section>\n\t\t\t\t<\/div>\n\t\t","protected":false},"excerpt":{"rendered":"<p>MICRODERMABRASION DIAMANTExfoliation Profonde 90\u20ac \/ 72\u20ac* La microdermabrasion diamant consiste \u00e0 r\u00e9aliser une exfoliation m\u00e9canique des couches sup\u00e9rieures de la peau \u00e0 l&#8217;aide d&#8217;un embout abrasif qui aspire les peaux mortes et les impuret\u00e9s. La peau est liss\u00e9e, les pores sont affin\u00e9s et les cicatrices s&#8217;estompent progressivement. C&#8217;est un soin [&hellip;]<\/p>\n","protected":false},"author":1,"featured_media":0,"parent":0,"menu_order":0,"comment_status":"closed","ping_status":"closed","template":"","meta":{"inspiro_page_layout":"narrow","inspiro_hide_title":false,"footnotes":""},"class_list":["post-4652","page","type-page","status-publish","hentry"],"yoast_head":"<!-- This site is optimized with the Yoast SEO plugin v27.4 - https:\/\/yoast.com\/product\/yoast-seo-wordpress\/ -->\n<title>MicroDermabrasion Diamant - EffiScience Paris<\/title>\n<meta name=\"robots\" content=\"index, follow, max-snippet:-1, max-image-preview:large, max-video-preview:-1\" \/>\n<link rel=\"canonical\" href=\"https:\/\/www.effiscience.paris\/index.php\/microdermabrasion-diamant\/\" \/>\n<meta property=\"og:locale\" content=\"fr_FR\" \/>\n<meta property=\"og:type\" content=\"article\" \/>\n<meta property=\"og:title\" content=\"MicroDermabrasion Diamant - EffiScience Paris\" \/>\n<meta property=\"og:description\" content=\"MICRODERMABRASION DIAMANTExfoliation Profonde 90\u20ac \/ 72\u20ac* La microdermabrasion diamant consiste \u00e0 r\u00e9aliser une exfoliation m\u00e9canique des couches sup\u00e9rieures de la peau \u00e0 l&#8217;aide d&#8217;un embout abrasif qui aspire les peaux mortes et les impuret\u00e9s. La peau est liss\u00e9e, les pores sont affin\u00e9s et les cicatrices s&#8217;estompent progressivement. C&#8217;est un soin [&hellip;]\" \/>\n<meta property=\"og:url\" content=\"https:\/\/www.effiscience.paris\/index.php\/microdermabrasion-diamant\/\" \/>\n<meta property=\"og:site_name\" content=\"EffiScience Paris\" \/>\n<meta property=\"article:modified_time\" content=\"2022-09-22T18:20:30+00:00\" \/>\n<meta property=\"og:image\" content=\"https:\/\/www.effiscience.paris\/wp-content\/uploads\/2022\/09\/MicroDermabrasion-e1663868811267-768x937.png\" \/>\n<meta name=\"twitter:card\" content=\"summary_large_image\" \/>\n<meta name=\"twitter:label1\" content=\"Dur\u00e9e de lecture estim\u00e9e\" \/>\n\t<meta name=\"twitter:data1\" content=\"1 minute\" \/>\n<script type=\"application\/ld+json\" class=\"yoast-schema-graph\">{\"@context\":\"https:\\\/\\\/schema.org\",\"@graph\":[{\"@type\":\"WebPage\",\"@id\":\"https:\\\/\\\/www.effiscience.paris\\\/index.php\\\/microdermabrasion-diamant\\\/\",\"url\":\"https:\\\/\\\/www.effiscience.paris\\\/index.php\\\/microdermabrasion-diamant\\\/\",\"name\":\"MicroDermabrasion Diamant - EffiScience Paris\",\"isPartOf\":{\"@id\":\"https:\\\/\\\/www.effiscience.paris\\\/#website\"},\"primaryImageOfPage\":{\"@id\":\"https:\\\/\\\/www.effiscience.paris\\\/index.php\\\/microdermabrasion-diamant\\\/#primaryimage\"},\"image\":{\"@id\":\"https:\\\/\\\/www.effiscience.paris\\\/index.php\\\/microdermabrasion-diamant\\\/#primaryimage\"},\"thumbnailUrl\":\"https:\\\/\\\/www.effiscience.paris\\\/wp-content\\\/uploads\\\/2022\\\/09\\\/MicroDermabrasion-e1663868811267-768x937.png\",\"datePublished\":\"2022-09-22T17:48:25+00:00\",\"dateModified\":\"2022-09-22T18:20:30+00:00\",\"breadcrumb\":{\"@id\":\"https:\\\/\\\/www.effiscience.paris\\\/index.php\\\/microdermabrasion-diamant\\\/#breadcrumb\"},\"inLanguage\":\"fr-FR\",\"potentialAction\":[{\"@type\":\"ReadAction\",\"target\":[\"https:\\\/\\\/www.effiscience.paris\\\/index.php\\\/microdermabrasion-diamant\\\/\"]}]},{\"@type\":\"ImageObject\",\"inLanguage\":\"fr-FR\",\"@id\":\"https:\\\/\\\/www.effiscience.paris\\\/index.php\\\/microdermabrasion-diamant\\\/#primaryimage\",\"url\":\"https:\\\/\\\/www.effiscience.paris\\\/wp-content\\\/uploads\\\/2022\\\/09\\\/MicroDermabrasion-e1663868811267.png\",\"contentUrl\":\"https:\\\/\\\/www.effiscience.paris\\\/wp-content\\\/uploads\\\/2022\\\/09\\\/MicroDermabrasion-e1663868811267.png\",\"width\":1049,\"height\":1280},{\"@type\":\"BreadcrumbList\",\"@id\":\"https:\\\/\\\/www.effiscience.paris\\\/index.php\\\/microdermabrasion-diamant\\\/#breadcrumb\",\"itemListElement\":[{\"@type\":\"ListItem\",\"position\":1,\"name\":\"Accueil\",\"item\":\"https:\\\/\\\/www.effiscience.paris\\\/\"},{\"@type\":\"ListItem\",\"position\":2,\"name\":\"MicroDermabrasion Diamant\"}]},{\"@type\":\"WebSite\",\"@id\":\"https:\\\/\\\/www.effiscience.paris\\\/#website\",\"url\":\"https:\\\/\\\/www.effiscience.paris\\\/\",\"name\":\"EffiScience Paris\",\"description\":\"Sport, beaut\u00e9, bien-\u00eatre, Un seul lieu pour prendre soin de vous\",\"potentialAction\":[{\"@type\":\"SearchAction\",\"target\":{\"@type\":\"EntryPoint\",\"urlTemplate\":\"https:\\\/\\\/www.effiscience.paris\\\/?s={search_term_string}\"},\"query-input\":{\"@type\":\"PropertyValueSpecification\",\"valueRequired\":true,\"valueName\":\"search_term_string\"}}],\"inLanguage\":\"fr-FR\"}]}<\/script>\n<!-- \/ Yoast SEO plugin. -->","yoast_head_json":{"title":"MicroDermabrasion Diamant - EffiScience Paris","robots":{"index":"index","follow":"follow","max-snippet":"max-snippet:-1","max-image-preview":"max-image-preview:large","max-video-preview":"max-video-preview:-1"},"canonical":"https:\/\/www.effiscience.paris\/index.php\/microdermabrasion-diamant\/","og_locale":"fr_FR","og_type":"article","og_title":"MicroDermabrasion Diamant - EffiScience Paris","og_description":"MICRODERMABRASION DIAMANTExfoliation Profonde 90\u20ac \/ 72\u20ac* La microdermabrasion diamant consiste \u00e0 r\u00e9aliser une exfoliation m\u00e9canique des couches sup\u00e9rieures de la peau \u00e0 l&#8217;aide d&#8217;un embout abrasif qui aspire les peaux mortes et les impuret\u00e9s. La peau est liss\u00e9e, les pores sont affin\u00e9s et les cicatrices s&#8217;estompent progressivement. C&#8217;est un soin [&hellip;]","og_url":"https:\/\/www.effiscience.paris\/index.php\/microdermabrasion-diamant\/","og_site_name":"EffiScience Paris","article_modified_time":"2022-09-22T18:20:30+00:00","og_image":[{"url":"https:\/\/www.effiscience.paris\/wp-content\/uploads\/2022\/09\/MicroDermabrasion-e1663868811267-768x937.png","type":"","width":"","height":""}],"twitter_card":"summary_large_image","twitter_misc":{"Dur\u00e9e de lecture estim\u00e9e":"1 minute"},"schema":{"@context":"https:\/\/schema.org","@graph":[{"@type":"WebPage","@id":"https:\/\/www.effiscience.paris\/index.php\/microdermabrasion-diamant\/","url":"https:\/\/www.effiscience.paris\/index.php\/microdermabrasion-diamant\/","name":"MicroDermabrasion Diamant - EffiScience Paris","isPartOf":{"@id":"https:\/\/www.effiscience.paris\/#website"},"primaryImageOfPage":{"@id":"https:\/\/www.effiscience.paris\/index.php\/microdermabrasion-diamant\/#primaryimage"},"image":{"@id":"https:\/\/www.effiscience.paris\/index.php\/microdermabrasion-diamant\/#primaryimage"},"thumbnailUrl":"https:\/\/www.effiscience.paris\/wp-content\/uploads\/2022\/09\/MicroDermabrasion-e1663868811267-768x937.png","datePublished":"2022-09-22T17:48:25+00:00","dateModified":"2022-09-22T18:20:30+00:00","breadcrumb":{"@id":"https:\/\/www.effiscience.paris\/index.php\/microdermabrasion-diamant\/#breadcrumb"},"inLanguage":"fr-FR","potentialAction":[{"@type":"ReadAction","target":["https:\/\/www.effiscience.paris\/index.php\/microdermabrasion-diamant\/"]}]},{"@type":"ImageObject","inLanguage":"fr-FR","@id":"https:\/\/www.effiscience.paris\/index.php\/microdermabrasion-diamant\/#primaryimage","url":"https:\/\/www.effiscience.paris\/wp-content\/uploads\/2022\/09\/MicroDermabrasion-e1663868811267.png","contentUrl":"https:\/\/www.effiscience.paris\/wp-content\/uploads\/2022\/09\/MicroDermabrasion-e1663868811267.png","width":1049,"height":1280},{"@type":"BreadcrumbList","@id":"https:\/\/www.effiscience.paris\/index.php\/microdermabrasion-diamant\/#breadcrumb","itemListElement":[{"@type":"ListItem","position":1,"name":"Accueil","item":"https:\/\/www.effiscience.paris\/"},{"@type":"ListItem","position":2,"name":"MicroDermabrasion Diamant"}]},{"@type":"WebSite","@id":"https:\/\/www.effiscience.paris\/#website","url":"https:\/\/www.effiscience.paris\/","name":"EffiScience Paris","description":"Sport, beaut\u00e9, bien-\u00eatre, Un seul lieu pour prendre soin de vous","potentialAction":[{"@type":"SearchAction","target":{"@type":"EntryPoint","urlTemplate":"https:\/\/www.effiscience.paris\/?s={search_term_string}"},"query-input":{"@type":"PropertyValueSpecification","valueRequired":true,"valueName":"search_term_string"}}],"inLanguage":"fr-FR"}]}},"jetpack_sharing_enabled":true,"_links":{"self":[{"href":"https:\/\/www.effiscience.paris\/index.php\/wp-json\/wp\/v2\/pages\/4652","targetHints":{"allow":["GET"]}}],"collection":[{"href":"https:\/\/www.effiscience.paris\/index.php\/wp-json\/wp\/v2\/pages"}],"about":[{"href":"https:\/\/www.effiscience.paris\/index.php\/wp-json\/wp\/v2\/types\/page"}],"author":[{"embeddable":true,"href":"https:\/\/www.effiscience.paris\/index.php\/wp-json\/wp\/v2\/users\/1"}],"replies":[{"embeddable":true,"href":"https:\/\/www.effiscience.paris\/index.php\/wp-json\/wp\/v2\/comments?post=4652"}],"version-history":[{"count":20,"href":"https:\/\/www.effiscience.paris\/index.php\/wp-json\/wp\/v2\/pages\/4652\/revisions"}],"predecessor-version":[{"id":4683,"href":"https:\/\/www.effiscience.paris\/index.php\/wp-json\/wp\/v2\/pages\/4652\/revisions\/4683"}],"wp:attachment":[{"href":"https:\/\/www.effiscience.paris\/index.php\/wp-json\/wp\/v2\/media?parent=4652"}],"curies":[{"name":"wp","href":"https:\/\/api.w.org\/{rel}","templated":true}]}}